{"id":3107,"date":"2018-03-10T17:24:15","date_gmt":"2018-03-10T16:24:15","guid":{"rendered":"http:\/\/slo4.edu.pl\/b\/?page_id=3107"},"modified":"2024-02-15T15:12:03","modified_gmt":"2024-02-15T14:12:03","slug":"autorskie-towarzystwo-edukacyjne","status":"publish","type":"page","link":"https:\/\/www.batalionparasol.pl\/slo4\/autorskie-towarzystwo-edukacyjne\/","title":{"rendered":"Autorskie Towarzystwo Edukacyjne"},"content":{"rendered":"<p style=\"text-align: justify;\"><strong>Autorskie Towarzystwo Edukacyjne<\/strong> (w skr\u00f3cie ATE) istnieje od 1989 roku jako stowarzyszenie za\u0142o\u017cone przez rodzic\u00f3w uczni\u00f3w, nauczycieli i sympatyk\u00f3w rozwoju niepublicznej o\u015bwiaty. Celem Stowarzyszenia jest prowadzenie dzia\u0142alno\u015bci edukacyjnej, wychowawczej i turystycznej w\u015br\u00f3d dzieci i m\u0142odzie\u017cy.<\/p>\n<p style=\"text-align: justify;\"><a href=\"http:\/\/batalionparasol.pl\/slo4\/wp-content\/uploads\/2013\/02\/inspiracje.jpg\"><img decoding=\"async\" loading=\"lazy\" class=\"alignleft size-medium wp-image-167\" title=\"inspiracje\" src=\"http:\/\/batalionparasol.pl\/slo4\/wp-content\/uploads\/2013\/02\/inspiracje-300x225.jpg\" alt=\"\" width=\"300\" height=\"225\" srcset=\"https:\/\/www.batalionparasol.pl\/slo4\/wp-content\/uploads\/2013\/02\/inspiracje-300x225.jpg 300w, https:\/\/www.batalionparasol.pl\/slo4\/wp-content\/uploads\/2013\/02\/inspiracje-768x576.jpg 768w, https:\/\/www.batalionparasol.pl\/slo4\/wp-content\/uploads\/2013\/02\/inspiracje-400x300.jpg 400w, https:\/\/www.batalionparasol.pl\/slo4\/wp-content\/uploads\/2013\/02\/inspiracje.jpg 800w\" sizes=\"(max-width: 300px) 100vw, 300px\" \/><\/a>W dzia\u0142alno\u015bci statutowej ATE skupia si\u0119 g\u0142\u00f3wnie na prowadzeniu na warszawskim Ursynowie <strong>Spo\u0142ecznego Liceum Og\u00f3lnokszta\u0142c\u0105cego Nr 4 im. Batalionu AK &#8222;Parasol&#8221;<\/strong> oraz <strong>Szko\u0142y Podstawowej przy Spo\u0142ecznym LO Nr 4 im. Batalionu AK &#8222;Parasol&#8221;<\/strong>.<span style=\"color: #000000;\"><br \/>\n<\/span><\/p>\n<p style=\"text-align: justify;\">ATE szczeg\u00f3ln\u0105 wag\u0119 przywi\u0105zuje do wychowania uczni\u00f3w w poszanowaniu tradycji historycznej. Program wychowania patriotycznego realizujemy wielop\u0142aszczyznowo kszta\u0142tuj\u0105c \u015bwiadomo\u015b\u0107 m\u0142odego pokolenia Polak\u00f3w na drodze licznych przedsi\u0119wzi\u0119\u0107 organizowanych na terenie szko\u0142y.<\/p>\n<p style=\"text-align: justify;\">Podstawowym elementem wychowania patriotycznego w naszych szko\u0142ach jest kultywowanie tradycji <a title=\"szkolna izba pami\u0119ci\" href=\"http:\/\/www.batalionparasol.pl\" target=\"_blank\" rel=\"noopener\"><strong>Batalionu AK &#8222;Parasol&#8221;<\/strong><\/a>, a cz\u0142onkami honorowymi ATE s\u0105 \u017co\u0142nierze Batalionu Armii Krajowej &#8222;Parasol&#8221;.<\/p>\n<p style=\"text-align: justify;\"><a href=\"http:\/\/batalionparasol.pl\/slo4\/wp-content\/uploads\/2013\/02\/swieto-szkoly-2012.jpg\"><img decoding=\"async\" loading=\"lazy\" class=\"alignright size-medium wp-image-82\" title=\"swieto-szkoly-2012\" src=\"http:\/\/batalionparasol.pl\/slo4\/wp-content\/uploads\/2013\/02\/swieto-szkoly-2012-300x225.jpg\" alt=\"\" width=\"300\" height=\"225\" srcset=\"https:\/\/www.batalionparasol.pl\/slo4\/wp-content\/uploads\/2013\/02\/swieto-szkoly-2012-300x225.jpg 300w, https:\/\/www.batalionparasol.pl\/slo4\/wp-content\/uploads\/2013\/02\/swieto-szkoly-2012-768x576.jpg 768w, https:\/\/www.batalionparasol.pl\/slo4\/wp-content\/uploads\/2013\/02\/swieto-szkoly-2012-400x300.jpg 400w, https:\/\/www.batalionparasol.pl\/slo4\/wp-content\/uploads\/2013\/02\/swieto-szkoly-2012.jpg 800w\" sizes=\"(max-width: 300px) 100vw, 300px\" \/><\/a><\/p>\n<p style=\"text-align: justify;\"><strong>Numer konta bankowego Autorskiego Towarzystwa Edukacyjnego:<\/strong><\/p>\n<p style=\"text-align: justify;\">29 1020 1169 0000 8402 0886 5745<\/p>\n<p style=\"text-align: justify;\">ATE jest wpisane do Krajowego Rejestru S\u0105dowego pod numerem 0000014610. Siedzib\u0105 Stowarzyszenia jest budynek szko\u0142y w Warszawie przy ul. Hawajskiej 14a.<\/p>\n<p style=\"text-align: justify;\">Z Zarz\u0105dem ATE mo\u017cna si\u0119 um\u00f3wi\u0107 poprzez <a href=\"http:\/\/batalionparasol.pl\/slo4\/kontakt-do-szkoly\/\"><strong>Sekretariat Szko\u0142y<\/strong><\/a>.<\/p>\n<p style=\"text-align: right;\"><em>(aktualizacja: 15.02.2024)<\/em><\/p>\n","protected":false},"excerpt":{"rendered":"<p>Autorskie Towarzystwo Edukacyjne (w skr\u00f3cie ATE) istnieje od 1989 roku jako stowarzyszenie za\u0142o\u017cone przez rodzic\u00f3w uczni\u00f3w, nauczycieli i sympatyk\u00f3w rozwoju niepublicznej o\u015bwiaty. Celem Stowarzyszenia jest prowadzenie dzia\u0142alno\u015bci edukacyjnej, wychowawczej i turystycznej w\u015br\u00f3d dzieci i m\u0142odzie\u017cy. W dzia\u0142alno\u015bci statutowej ATE skupia si\u0119 g\u0142\u00f3wnie na prowadzeniu na warszawskim Ursynowie Spo\u0142ecznego Liceum Og\u00f3lnokszta\u0142c\u0105cego <a href=\"https:\/\/www.batalionparasol.pl\/slo4\/autorskie-towarzystwo-edukacyjne\/\" class=\"read-more\">(czytaj wi\u0119cej &#8230;)<\/a><\/p>\n","protected":false},"author":1,"featured_media":0,"parent":0,"menu_order":0,"comment_status":"closed","ping_status":"closed","template":"","meta":[],"_links":{"self":[{"href":"https:\/\/www.batalionparasol.pl\/slo4\/wp-json\/wp\/v2\/pages\/3107"}],"collection":[{"href":"https:\/\/www.batalionparasol.pl\/slo4\/wp-json\/wp\/v2\/pages"}],"about":[{"href":"https:\/\/www.batalionparasol.pl\/slo4\/wp-json\/wp\/v2\/types\/page"}],"author":[{"embeddable":true,"href":"https:\/\/www.batalionparasol.pl\/slo4\/wp-json\/wp\/v2\/users\/1"}],"replies":[{"embeddable":true,"href":"https:\/\/www.batalionparasol.pl\/slo4\/wp-json\/wp\/v2\/comments?post=3107"}],"version-history":[{"count":9,"href":"https:\/\/www.batalionparasol.pl\/slo4\/wp-json\/wp\/v2\/pages\/3107\/revisions"}],"predecessor-version":[{"id":7042,"href":"https:\/\/www.batalionparasol.pl\/slo4\/wp-json\/wp\/v2\/pages\/3107\/revisions\/7042"}],"wp:attachment":[{"href":"https:\/\/www.batalionparasol.pl\/slo4\/wp-json\/wp\/v2\/media?parent=3107"}],"curies":[{"name":"wp","href":"https:\/\/api.w.org\/{rel}","templated":true}]}}