{"id":3125,"date":"2017-09-29T08:27:44","date_gmt":"2017-09-29T06:27:44","guid":{"rendered":"http:\/\/slo4.edu.pl\/b\/?page_id=3125"},"modified":"2025-10-16T11:04:03","modified_gmt":"2025-10-16T09:04:03","slug":"kola-zainteresowan","status":"publish","type":"page","link":"https:\/\/www.batalionparasol.pl\/slo4\/kola-zainteresowan\/","title":{"rendered":"Ko\u0142a zainteresowa\u0144"},"content":{"rendered":"<h3 style=\"text-align: center;\">KO\u0141A ZAINTERESOWA\u0143<br \/>\nw roku szkolnym 2025\/2026<\/h3>\n<table style=\"border-color: #2303a3; width: 93.3435%;\" border=\"2\">\n<tbody>\n<tr>\n<td style=\"width: 5.68871%;\"><strong>L.p.<\/strong><\/td>\n<td style=\"width: 33.9921%; text-align: left;\"><strong>Ko\u0142a zainteresowa\u0144<\/strong><\/td>\n<td style=\"width: 30.9481%;\"><strong>Nauczyciel prowadz\u0105cy<\/strong><\/td>\n<td style=\"width: 31.086%;\"><strong>Termin<\/strong><\/td>\n<\/tr>\n<tr>\n<td style=\"width: 5.68871%;\">1.<\/td>\n<td style=\"width: 33.9921%; text-align: left;\">Ko\u0142o matematyczne dla klasy 8A<\/td>\n<td style=\"width: 30.9481%;\">p. Beata \u017buchowska<\/td>\n<td style=\"width: 31.086%;\">czwartek 8:30 &#8211; 9:15<\/td>\n<\/tr>\n<tr>\n<td style=\"width: 5.68871%;\">2.<\/td>\n<td style=\"width: 33.9921%; text-align: left;\">Ko\u0142o j\u0119zyka niemieckiego kl. 3<\/td>\n<td style=\"width: 30.9481%;\">p. Marta Bia\u0142owarczuk<\/td>\n<td style=\"width: 31.086%;\">poniedzia\u0142ek 15:10 &#8211; 15:55<\/td>\n<\/tr>\n<tr>\n<td style=\"width: 5.68871%;\">3.<\/td>\n<td style=\"width: 33.9921%; text-align: left;\">Ko\u0142o wiedzy o spo\u0142ecze\u0144stwie klasa 8A<\/td>\n<td style=\"width: 30.9481%;\">p. Jacek Strza\u0142kowski<\/td>\n<td style=\"width: 31.086%;\">pi\u0105tki 14:20 &#8211; 15:05<\/td>\n<\/tr>\n<tr>\n<td style=\"width: 5.68871%;\">4.<\/td>\n<td style=\"width: 33.9921%; text-align: left;\"><\/td>\n<td style=\"width: 30.9481%;\"><\/td>\n<td style=\"width: 31.086%;\"><\/td>\n<\/tr>\n<tr>\n<td style=\"width: 5.68871%;\">5.<\/td>\n<td style=\"width: 33.9921%; text-align: left;\"><\/td>\n<td style=\"width: 30.9481%;\"><\/td>\n<td style=\"width: 31.086%;\"><\/td>\n<\/tr>\n<tr>\n<td style=\"width: 5.68871%;\">6.<\/td>\n<td style=\"width: 33.9921%; text-align: left;\"><\/td>\n<td style=\"width: 30.9481%;\"><\/td>\n<td style=\"width: 31.086%;\"><\/td>\n<\/tr>\n<tr>\n<td style=\"width: 5.68871%;\">7.<\/td>\n<td style=\"width: 33.9921%; text-align: left;\"><\/td>\n<td style=\"width: 30.9481%;\"><\/td>\n<td style=\"width: 31.086%;\"><\/td>\n<\/tr>\n<tr>\n<td style=\"width: 5.68871%;\">8.<\/td>\n<td style=\"width: 33.9921%; text-align: left;\"><\/td>\n<td style=\"width: 30.9481%;\"><\/td>\n<td style=\"width: 31.086%;\"><\/td>\n<\/tr>\n<tr>\n<td style=\"width: 5.68871%;\">9.<\/td>\n<td style=\"width: 33.9921%; text-align: left;\"><\/td>\n<td style=\"width: 30.9481%;\"><\/td>\n<td style=\"width: 31.086%;\"><\/td>\n<\/tr>\n<tr>\n<td style=\"width: 5.68871%;\">10.<\/td>\n<td style=\"width: 33.9921%; text-align: left;\"><\/td>\n<td style=\"width: 30.9481%;\"><\/td>\n<td style=\"width: 31.086%;\"><\/td>\n<\/tr>\n<tr>\n<td style=\"width: 5.68871%;\">11.<\/td>\n<td style=\"width: 33.9921%; text-align: left;\"><\/td>\n<td style=\"width: 30.9481%;\"><\/td>\n<td style=\"width: 31.086%;\"><\/td>\n<\/tr>\n<tr>\n<td style=\"width: 5.68871%;\">12.<\/td>\n<td style=\"width: 33.9921%; text-align: left;\"><\/td>\n<td style=\"width: 30.9481%;\"><\/td>\n<td style=\"width: 31.086%;\"><\/td>\n<\/tr>\n<\/tbody>\n<\/table>\n<p>Terminy spotka\u0144 k\u00f3\u0142 zainteresowa\u0144 b\u0119d\u0105 podawane po utworzeniu grup ch\u0119tnych.<\/p>\n<p>Aktualizacja: 16.10.2025<\/p>\n","protected":false},"excerpt":{"rendered":"<p>KO\u0141A ZAINTERESOWA\u0143 w roku szkolnym 2025\/2026 L.p. Ko\u0142a zainteresowa\u0144 Nauczyciel prowadz\u0105cy Termin 1. Ko\u0142o matematyczne dla klasy 8A p. Beata \u017buchowska czwartek 8:30 &#8211; 9:15 2. Ko\u0142o j\u0119zyka niemieckiego kl. 3 p. Marta Bia\u0142owarczuk poniedzia\u0142ek 15:10 &#8211; 15:55 3. Ko\u0142o wiedzy o spo\u0142ecze\u0144stwie klasa 8A p. Jacek Strza\u0142kowski pi\u0105tki 14:20 <a href=\"https:\/\/www.batalionparasol.pl\/slo4\/kola-zainteresowan\/\" class=\"read-more\">(czytaj wi\u0119cej &#8230;)<\/a><\/p>\n","protected":false},"author":1,"featured_media":3237,"parent":0,"menu_order":0,"comment_status":"closed","ping_status":"closed","template":"","meta":[],"_links":{"self":[{"href":"https:\/\/www.batalionparasol.pl\/slo4\/wp-json\/wp\/v2\/pages\/3125"}],"collection":[{"href":"https:\/\/www.batalionparasol.pl\/slo4\/wp-json\/wp\/v2\/pages"}],"about":[{"href":"https:\/\/www.batalionparasol.pl\/slo4\/wp-json\/wp\/v2\/types\/page"}],"author":[{"embeddable":true,"href":"https:\/\/www.batalionparasol.pl\/slo4\/wp-json\/wp\/v2\/users\/1"}],"replies":[{"embeddable":true,"href":"https:\/\/www.batalionparasol.pl\/slo4\/wp-json\/wp\/v2\/comments?post=3125"}],"version-history":[{"count":59,"href":"https:\/\/www.batalionparasol.pl\/slo4\/wp-json\/wp\/v2\/pages\/3125\/revisions"}],"predecessor-version":[{"id":8136,"href":"https:\/\/www.batalionparasol.pl\/slo4\/wp-json\/wp\/v2\/pages\/3125\/revisions\/8136"}],"wp:featuredmedia":[{"embeddable":true,"href":"https:\/\/www.batalionparasol.pl\/slo4\/wp-json\/wp\/v2\/media\/3237"}],"wp:attachment":[{"href":"https:\/\/www.batalionparasol.pl\/slo4\/wp-json\/wp\/v2\/media?parent=3125"}],"curies":[{"name":"wp","href":"https:\/\/api.w.org\/{rel}","templated":true}]}}