{"id":3136,"date":"2011-05-14T15:48:07","date_gmt":"2011-05-14T13:48:07","guid":{"rendered":"http:\/\/slo4.edu.pl\/b\/?page_id=3136"},"modified":"2020-09-24T10:41:02","modified_gmt":"2020-09-24T08:41:02","slug":"batalion-ak-parasol","status":"publish","type":"page","link":"https:\/\/www.batalionparasol.pl\/slo4\/batalion-ak-parasol\/","title":{"rendered":"Batalion AK &#8222;Parasol&#8221;"},"content":{"rendered":"<p style=\"text-align: justify;\"><strong>27 wrze\u015bnia 2007 r. otrzymali\u015bmy imi\u0119 Batalionu Armii Krajowej &#8222;Parasol<\/strong>&#8222;. Nast\u0105pi\u0142o to w wyniku szeregu projekt\u00f3w historycznych realizowanych przez naszych uczni\u00f3w, dzi\u0119ki czemu nawi\u0105zana zosta\u0142a bliska wsp\u00f3\u0142praca ze \u015brodowiskiem \u017co\u0142nierzy \u201eParasola\u201d.<\/p>\n<h4 style=\"text-align: justify;\">Jeste\u015bmy pierwsz\u0105 szko\u0142\u0105 posiadaj\u0105c\u0105 imi\u0119 tego bohaterskiego oddzia\u0142u Armii Krajowej.<\/h4>\n<p style=\"text-align: justify;\">Szko\u0142y <strong><a title=\"Autorskie Towarzystwo Edukacyjne\" href=\"http:\/\/batalionparasol.pl\/slo4\/autorskie-towarzystwo-edukacyjne\/\">Autorskiego Towarzystwa Edukacyjnego<\/a><\/strong> uzyska\u0142y zgod\u0119 na umieszczenie symbolu Batalionu AK &#8222;Parasol&#8221; na sztandarze i w herbie szkolnym, a pie\u015b\u0144 oddzia\u0142u \u201eCh\u0142opcy silni jak stal\u201d jest hymnem zar\u00f3wno Liceum, jak i Gimnazjum. Matk\u0105 chrzestn\u0105 sztandaru szko\u0142y by\u0142a <strong>Maria Stypu\u0142kowska-Chojecka<\/strong> (\u0142\u0105czniczka \u201eKama\u201d ze s\u0142ynnej akcji zamachu na dow\u00f3dc\u0119 SS Franza Kutscher\u0119), a ojcem chrzestnym sztandaru szko\u0142y &#8211; \u015b.p. <strong>Ryszard Kaczorowski<\/strong> Prezydent RP na Uchod\u017astwie.<\/p>\n<p style=\"text-align: justify;\">Bliskie relacje uczni\u00f3w i nauczycieli z \u017co\u0142nierzami &#8222;Parasola&#8221; (s\u0105 oni cz\u0142onkami honorowymi ATE) doprowadzi\u0142y do zebrania licznych wspomnie\u0144, publikacji i fotografii, ofiarowanych przez naszych Patron\u00f3w podczas spotka\u0144 \u015bwi\u0105tecznych i rocznicowych, sesji historycznych i \u015bwi\u0119ta szko\u0142y. Uczniowie szk\u00f3\u0142 ATE opiekuj\u0105 si\u0119 tak\u017ce miejscami pami\u0119ci narodowej: mogi\u0142\u0105 \u017co\u0142nierzy Batalionu AK &#8222;Parasol&#8221; na Ursynowie oraz kwater\u0105 \u017co\u0142nierzy Batalionu na Cmentarzu Pow\u0105zkowskim.<\/p>\n<p style=\"text-align: justify;\">Wobec tego wol\u0105 uczni\u00f3w, grona pedagogicznego i cz\u0142onk\u00f3w ATE jest d\u0105\u017cenie do pe\u0142niejszego zebrania, opracowania i udost\u0119pnienia na dedykowanej stronie internetowej pami\u0105tek i materia\u0142\u00f3w historycznych o Patronach Szko\u0142y. Tak narodzi\u0142 si\u0119 pomys\u0142 stworzenia <strong><a title=\"izba pami\u0119ci\" href=\"http:\/\/www.batalionparasol.pl\" target=\"_blank\" rel=\"noopener\">szkolnej izby pami\u0119ci o \u017co\u0142nierzach Batalionu AK &#8222;Parasol&#8221;. Zapraszamy do jej odwiedzenia<\/a><\/strong>.<\/p>\n<p>&nbsp;<\/p>\n<p style=\"text-align: center;\"><span style=\"color: #000080;\"><strong>DLACZEGO IMI\u0118 BATALIONU AK &#8222;PARASOL&#8221;?<\/strong><\/span><\/p>\n<p style=\"text-align: center;\"><strong>(fragment z wyst\u0105pienia pani dyrektor Barbary Wetesko podczas uroczysto\u015bci nadania szkole imienia)<\/strong><\/p>\n<p style=\"text-align: justify;\"><img decoding=\"async\" loading=\"lazy\" class=\"alignleft wp-image-507\" title=\"barbara-wetesko\" src=\"http:\/\/slo4.nazwa.pl\/wp-content\/uploads\/2011\/05\/barbara-wetesko.jpg\" alt=\"\" width=\"319\" height=\"480\" srcset=\"https:\/\/www.batalionparasol.pl\/slo4\/wp-content\/uploads\/2011\/05\/barbara-wetesko.jpg 532w, https:\/\/www.batalionparasol.pl\/slo4\/wp-content\/uploads\/2011\/05\/barbara-wetesko-200x300.jpg 200w\" sizes=\"(max-width: 319px) 100vw, 319px\" \/>\u201eDzi\u015b w wolnej i niepodleg\u0142ej Polsce, w dniach chwa\u0142y \u017co\u0142nierzy &#8222;Parasola&#8221;, oddaj\u0105c im wszystkim i ka\u017cdemu z osobna, najwy\u017csz\u0105 cze\u015b\u0107 i ho\u0142d nale\u017cy przypomnie\u0107 o gorzkiej, niesymetrycznej niesprawiedliwo\u015bci: ofiary, m\u0119ka i upokorzenia by\u0142y tylko ich udzia\u0142em, podczas gdy z owoc\u00f3w zwyci\u0119stwa korzystamy z nimi pospo\u0142u, nie zawsze stoj\u0105c na wysoko\u015bci takich zas\u0142ug.<\/p>\n<p style=\"text-align: justify;\">Cz\u0142onkowie \u015brodowiska, \u017co\u0142nierze \u201eParasola\u201d obdarzyli nas honorem i zaszczytem, sk\u0142adaj\u0105c niejako w nasze r\u0119ce i serca sw\u00f3j spisany danin\u0105 krwi i \u017cycia testament powsta\u0144czy, obliguj\u0105c nas tym samym, nie tylko do ochrony tej \u015bwi\u0119tej, patriotycznej spu\u015bcizny od zapomnienia, ale zobowi\u0105zuj\u0105c nas do walki w jej pokojowym wymiarze &#8211; do nauki i kszta\u0142towania postaw zgodnych z patriotyczna tradycj\u0105 i wierno\u015bci\u0105 niepodleg\u0142o\u015bciowym idea\u0142om.<\/p>\n<p style=\"text-align: justify;\">M\u0142odzie\u017c i nauczyciele naszej szko\u0142y wype\u0142ni\u0105 ten zaszczytny obowi\u0105zek, b\u0119d\u0105c \u015bwiadomymi szcz\u0119\u015bliwego czasu niewymagaj\u0105cego \u201erzucania kamieni na szaniec\u201d, ale r\u00f3wnie\u017c pami\u0119taj\u0105c herbertowskie przes\u0142anie, \u017ce czasami wystarczy \u201eodrobina odwagi\u201d, a zawsze trzeba umie\u0107 stan\u0105\u0107 po stronie przegrywaj\u0105cych.<\/p>\n<p style=\"text-align: justify;\">Dnia 27 wrze\u015bnia Anno Domini 2007 stan Batalionu AK &#8222;Parasol&#8221; powi\u0119ksza si\u0119 o honorowe kompanie uczni\u00f3w i kadry nauczycielsko &#8211; pracownicze Liceum nr 4 w Warszawie. Od dzi\u015b b\u0119dziemy razem obchodzi\u0107 Wasze a teraz nasze wsp\u00f3lne \u015bwi\u0119to i wsp\u00f3lnie nie\u015b\u0107 pochodnie Waszej niez\u0142omnej wiary w zwyci\u0119stwo Niepodleg\u0142ej, Wolnej, Ukochanej Ojczyzny &#8211; POLSKI. Tak nam dopom\u00f3\u017c B\u00f3g.\u201d<\/p>\n<p><span style=\"color: #000080;\"><strong>HYMN SZKO\u0141Y<\/strong><\/span><\/p>\n<p><em>Ch\u0142opcy silni jak stal<\/em><img decoding=\"async\" loading=\"lazy\" class=\"alignright wp-image-177\" title=\"sztandar-slo\" src=\"http:\/\/slo4.nazwa.pl\/wp-content\/uploads\/2013\/02\/sztandar-slo.jpg\" alt=\"Poczet sztandarowy\" width=\"426\" height=\"640\" srcset=\"https:\/\/www.batalionparasol.pl\/slo4\/wp-content\/uploads\/2013\/02\/sztandar-slo.jpg 532w, https:\/\/www.batalionparasol.pl\/slo4\/wp-content\/uploads\/2013\/02\/sztandar-slo-200x300.jpg 200w\" sizes=\"(max-width: 426px) 100vw, 426px\" \/><br \/>\n<em>Ch\u0142opcy silni jak stal,<\/em><br \/>\n<em>Oczy patrz\u0105 si\u0119 w dal:<\/em><br \/>\n<em>Nic nie zrobi nam wojny po\u017coga!<\/em><br \/>\n<em>Hej, sokoli nasz wzrok,<\/em><br \/>\n<em>W marszu spr\u0119\u017cysty krok<\/em><br \/>\n<em>I pogarda dla \u015bmierci i wroga.<\/em><\/p>\n<p><em>Gotuj bro\u0144! Naprz\u00f3d marsz ku zwyci\u0119stwu!<\/em><br \/>\n<em>W g\u00f3r\u0119 skro\u0144! Orze\u0142 nasz lot sw\u00f3j wzbi\u0142!<\/em><br \/>\n<em>Ch\u0142opcy silni jak stal, oczy patrz\u0105 si\u0119 w dal.<\/em><br \/>\n<em>Hej, do walki nie zbraknie nam si\u0142!<\/em><\/p>\n<p><em>God\u0142em nam Bia\u0142y Ptak,<\/em><br \/>\n<em>A &#8222;Parasol&#8221; to znak,<\/em><br \/>\n<em>Naszym has\u0142em piosenka szturmowa!<\/em><br \/>\n<em>Po\u015br\u00f3d kul, huku dzia\u0142<\/em><br \/>\n<em>Oddzia\u0142 stoi, jak sta\u0142,<\/em><br \/>\n<em>Cho\u0107 poleg\u0142a ju\u017c ch\u0142opc\u00f3w po\u0142owa.<\/em><\/p>\n<p><em>Dzi\u015b pad\u0142 on, jutro ja, \u015bmier\u0107 nie pyta.<\/em><br \/>\n<em>Gotuj bro\u0144! Krew ci gra boju zew!<\/em><br \/>\n<em>Ch\u0142opcy silni jak stal, oczy patrz\u0105 si\u0119 w dal, <\/em><br \/>\n<em>A na ustach szturmowy nasz \u015bpiew!<\/em><\/p>\n<p><em>A gdy min\u0105 ju\u017c dni<\/em><br \/>\n<em>Walki, szturm\u00f3w i krwi,<\/em><br \/>\n<em>Bratni legion, gdy z Anglii powr\u00f3ci,<\/em><br \/>\n<em>P\u00f3jdzie wiara gromad\u0105<\/em><br \/>\n<em>Alejami, z parad\u0105,<\/em><br \/>\n<em>I t\u0119 piosnk\u0119 szturmow\u0105 zanuci.<\/em><\/p>\n<p><em>Panien r\u00f3j, kwiat\u00f3w r\u00f3j i sztandary.<\/em><br \/>\n<em>R\u00f3wny krok, \u015bmia\u0142y wzrok, bruk a\u017c dr\u017cy.<\/em><br \/>\n<em>Alejami z parad\u0105 b\u0119dziem szli defilad\u0105<\/em><br \/>\n<em>W woln\u0105 Polsk\u0119, co wsta\u0142a z naszej krwi.<\/em><br \/>\n<em>Alejami z parad\u0105 b\u0119dziem szli defilad\u0105<\/em><br \/>\n<em>W woln\u0105 Polsk\u0119, co wsta\u0142a z naszej krwi.<\/em><\/p>\n<p>&nbsp;<\/p>\n<p>S\u0142owa pie\u015bni napisa\u0142 \u017co\u0142nierz-poeta Batalionu AK \u201eParasol\u201d \u2013 <strong>J\u00f3zef Szczepa\u0144ski ps. \u201eZiutek\u201d<\/strong>, poleg\u0142y we wrze\u015bniu 1944 roku w Powstaniu Warszawskim, odznaczony po\u015bmiertnie Orderem Virtuti Militari V klasy.<\/p>\n<p><strong><a title=\"Pie\u015bni powsta\u0144cze\" href=\"http:\/\/batalionparasol.pl\/category\/galeria\/piesni-powstancze-galeria\/\" target=\"_blank\" rel=\"noopener\">Pos\u0142uchaj hymnu szko\u0142y i innych pie\u015bni powsta\u0144czych w wykonaniu naszych uczni\u00f3w<\/a><\/strong><\/p>\n","protected":false},"excerpt":{"rendered":"<p>27 wrze\u015bnia 2007 r. otrzymali\u015bmy imi\u0119 Batalionu Armii Krajowej &#8222;Parasol&#8222;. Nast\u0105pi\u0142o to w wyniku szeregu projekt\u00f3w historycznych realizowanych przez naszych uczni\u00f3w, dzi\u0119ki czemu nawi\u0105zana zosta\u0142a bliska wsp\u00f3\u0142praca ze \u015brodowiskiem \u017co\u0142nierzy \u201eParasola\u201d. Jeste\u015bmy pierwsz\u0105 szko\u0142\u0105 posiadaj\u0105c\u0105 imi\u0119 tego bohaterskiego oddzia\u0142u Armii Krajowej. Szko\u0142y Autorskiego Towarzystwa Edukacyjnego uzyska\u0142y zgod\u0119 na umieszczenie symbolu <a href=\"https:\/\/www.batalionparasol.pl\/slo4\/batalion-ak-parasol\/\" class=\"read-more\">(czytaj wi\u0119cej &#8230;)<\/a><\/p>\n","protected":false},"author":1,"featured_media":3535,"parent":0,"menu_order":0,"comment_status":"closed","ping_status":"closed","template":"","meta":[],"_links":{"self":[{"href":"https:\/\/www.batalionparasol.pl\/slo4\/wp-json\/wp\/v2\/pages\/3136"}],"collection":[{"href":"https:\/\/www.batalionparasol.pl\/slo4\/wp-json\/wp\/v2\/pages"}],"about":[{"href":"https:\/\/www.batalionparasol.pl\/slo4\/wp-json\/wp\/v2\/types\/page"}],"author":[{"embeddable":true,"href":"https:\/\/www.batalionparasol.pl\/slo4\/wp-json\/wp\/v2\/users\/1"}],"replies":[{"embeddable":true,"href":"https:\/\/www.batalionparasol.pl\/slo4\/wp-json\/wp\/v2\/comments?post=3136"}],"version-history":[{"count":11,"href":"https:\/\/www.batalionparasol.pl\/slo4\/wp-json\/wp\/v2\/pages\/3136\/revisions"}],"predecessor-version":[{"id":5141,"href":"https:\/\/www.batalionparasol.pl\/slo4\/wp-json\/wp\/v2\/pages\/3136\/revisions\/5141"}],"wp:featuredmedia":[{"embeddable":true,"href":"https:\/\/www.batalionparasol.pl\/slo4\/wp-json\/wp\/v2\/media\/3535"}],"wp:attachment":[{"href":"https:\/\/www.batalionparasol.pl\/slo4\/wp-json\/wp\/v2\/media?parent=3136"}],"curies":[{"name":"wp","href":"https:\/\/api.w.org\/{rel}","templated":true}]}}