{"id":3142,"date":"2017-09-12T17:37:13","date_gmt":"2017-09-12T15:37:13","guid":{"rendered":"http:\/\/slo4.edu.pl\/b\/?page_id=3142"},"modified":"2026-02-18T13:46:10","modified_gmt":"2026-02-18T12:46:10","slug":"kalendarium","status":"publish","type":"page","link":"https:\/\/www.batalionparasol.pl\/slo4\/kalendarium\/","title":{"rendered":"Kalendarium"},"content":{"rendered":"\n<h3>Rok szkolny 2025-2026<\/h3>\n<p><a href=\"https:\/\/www.batalionparasol.pl\/slo4\/wp-content\/uploads\/2026\/02\/Plan-pracy-SLO4-w-roku-szk-2025-2026_v6.pdf\"><strong><span style=\"color: #ff0000;\">=&gt; zobacz plan pracy szko\u0142y w roku 2025-2026 (plik pdf)<\/span><\/strong><\/a><\/p>\n<p>\u00a0<\/p>\n<h3>Wybrane wydarzenia z planu pracy szko\u0142y:<\/h3>\n<p><strong>Zebrania z rodzicami uczni\u00f3w liceum i szko\u0142y podstawowej:<\/strong> (zawsze \u015broda od godz. 17:30):<\/p>\n<p>03.09.2025 r. \u2013 obowi\u0105zkowe zebranie wychowawc\u00f3w klas z rodzicami w szkole.<\/p>\n<p>12.11.2025 r. \u2013 dzie\u0144 otwarty (online na Teams \u2013 indywidualne spotkania online rodzic\u00f3w z nauczycielami \u2013 zapisy przez sekretariat szko\u0142y).<\/p>\n<p>04.02.2026 r. \u2013 zebranie z rodzicami w szkole \u2013 podsumowanie I okresu nauki.<\/p>\n<p>15.04.2026 r. \u2013 dzie\u0144 otwarty (online na Teams \u2013 indywidualne spotkania online rodzic\u00f3w z nauczycielami \u2013 zapisy przez sekretariat szko\u0142y).<\/p>\n<p>17.06.2026 r. \u2013 obowi\u0105zkowe zebranie przed ko\u0144cem roku (w szkole), po zebraniu klasowym mo\u017cliwo\u015b\u0107 indywidualnych rozm\u00f3w z nauczycielami.<\/p>\n<p>\u00a0<\/p>\n<p><strong>Szkolne wydarzenia:<\/strong><\/p>\n<p>01.09.2025 \u2013 inauguracja roku szkolnego 2025\/2026.<\/p>\n<p>26.09.2025 \u2013 \u015awi\u0119to Szko\u0142y, wyj\u015bcie klas na miejsca pami\u0119ci Batalionu AK \u201eParasol\u201d.<\/p>\n<p>10.10.2025 &#8211; wybory Zarz\u0105du Samorz\u0105du Uczniowskiego<\/p>\n<p>13-17.10.2025 &#8211; projekty Rzym i Ateny (dla klas 4 liceum)<\/p>\n<p>14.10.2025 \u2013 Dzie\u0144 Edukacji Narodowej<\/p>\n<p>25.10.2025 &#8211; wyjazd na Pozna\u0144 Game Arena<\/p>\n<p>09-14.11.2025 \u2013 wyjazd j\u0119zykowy do Barcelony\u00a0<\/p>\n<p>12.11.2025 \u2013 szkolne obchody \u015awi\u0119ta Niepodleg\u0142o\u015bci<\/p>\n<p>05.12 2025 \u2013 Dzie\u0144 Absolwenta<\/p>\n<p>19.12.2025 &#8211; Wigilia Szkolna<\/p>\n<p>19.03.2026 &#8211; Dzie\u0144 frankofo\u0144ski<\/p>\n<p>04-07.05.2026 \u2013 objazd historyczny Litwa dla klas 2 liceum<\/p>\n<p>11-15.05.2026 \u2013 wyjazd j\u0119zykowy do Londynu.<\/p>\n<p>19-22.05.2026 &#8211; wyjazd klas 7 i 8 nad rzek\u0119 Krutyni\u0119.<\/p>\n<p>01.06.2026 &#8211; Dzie\u0144 sportu z okazji Dnia Dziecka<\/p>\n<p>01.06.2026 \u2013 uroczysto\u015b\u0107 rozdania maturzystom \u015bwiadectw uko\u0144czenia liceum<\/p>\n<p>22.06.2026 \u2013 piknik w ogrodzie szkolnym<\/p>\n<p>26.06.2026 &#8211; uroczysto\u015b\u0107 zako\u0144czenia roku szkolnego (godz. 10:00 dla klas 7-8; godz. 11:00 dla licealist\u00f3w).<\/p>\n<p>\u00a0<\/p>\n<p><strong>Ferie i dni wolne od zaj\u0119\u0107:<\/strong><\/p>\n<p>10.11.2025 &#8211; dzie\u0144 wolny dyrektorski (przed \u015awi\u0119tem Niepodleg\u0142o\u015bci)<\/p>\n<p>22.12.2025 \u2013 01.01.2026 \u2013 przerwa \u015bwi\u0105teczno-noworoczna<\/p>\n<p>02.01 i 05.01.2026 \u2013 dni wolne dyrektorskie<\/p>\n<p>19.01-01.02.2026 \u2013 ferie zimowe<\/p>\n<p>02-07.04.2026 \u2013 wiosenna przerwa wielkanocna<\/p>\n<p>04-07.05.2026 \u2013 dni wolne dyrektorskie dla uczni\u00f3w klas 1. i 3. liceum.<\/p>\n<p>11-13.05.2026 &#8211; dni wolne dyrektorskie dla uczni\u00f3w klasy 7A i klas 2. liceum.<\/p>\n<p>05.06.2026 \u2013 dzie\u0144 wolny dyrektorski<\/p>\n<p>\u00a0<\/p>\n<h3><strong>Egzamin 8-klasisty w 2026 r.<\/strong>:<\/h3>\n<p>11 maja (poniedzia\u0142ek) godz. 9:00 \u2013 j\u0119zyk polski<\/p>\n<p>12 maja (wtorek) godz. 9:00 \u2013 matematyka<\/p>\n<p>13 maja (\u015broda) godz. 9:00 \u2013 wybrany j\u0119zyk obcy<\/p>\n<p><a href=\"https:\/\/cke.gov.pl\/egzamin-osmoklasisty\/harmonogram-komunikaty-i-informacje\/\" target=\"_blank\" rel=\"noopener\"><strong>=&gt; Komunikaty CKE w sprawie egzaminu \u00f3smoklasist\u00f3w<\/strong><\/a><\/p>\n<p><a href=\"https:\/\/www.kuratorium.waw.pl\/pl\/rodzice-i-uczniowie\/konkursy-i-olimpiady\/inne-konkursy-turnieje\/18676,Wykaz-zawodow-wiedzy-artystycznych-i-sportowych-organizowanych-przez-kuratora-os.html\" target=\"_blank\" rel=\"noopener\"><strong>=&gt; Wykazy zawod\u00f3w wiedzy, artystycznych i sportowych organizowanych przez kuratora o\u015bwiaty i inne podmioty dzia\u0142aj\u0105ce na terenie szko\u0142y \u2013 (komunikat z 28.02.2025)<\/strong><\/a><\/p>\n<p><a href=\"https:\/\/www.kuratorium.waw.pl\/pl\/rodzice-i-uczniowie\/rekrutacja-do-szkol\/19560,Projekt-wykazu-zawodow-wiedzy-artystycznych-i-sportowych-2026-r.html\" target=\"_blank\" rel=\"noopener\"><strong>=&gt; Projekt wykazu zawod\u00f3w wiedzy, artystycznych i sportowych &#8211; 2026 r. (komunikat Kuratorium z 17.02.2026)<\/strong><\/a><\/p>\n<p>\u00a0<\/p>\n<h3><strong>Matura w 2026 r.<\/strong><strong>:<\/strong><\/h3>\n<p>4 maja (poniedzia\u0142ek) \u2013 j. polski (poziom podstawowy)<\/p>\n<p>5 maja (wtorek) \u2013 matematyka (poziom podstawowy)<\/p>\n<p>6 maja (\u015broda) \u2013 j. angielski, francuski, hiszpa\u0144ski, niemiecki (poziom podstawowy)<\/p>\n<p>Przedmioty w zakresie rozszerzonym wed\u0142ug harmonogramu CKE od 07 do 20 maja 2026 r.<\/p>\n<p>Matury ustne: j\u0119zyk polski 20-22.05 (od godz. 9:00); j\u0119zyki: francuski\/hiszpa\u0144ski\/niemiecki 22.05 (od godz. 9:00); j.angielski 25-26.05 (od godz. 9:00).<\/p>\n<p><a href=\"https:\/\/cke.gov.pl\/egzamin-maturalny\/egzamin-maturalny-w-formule-2023\/harmonogram-komunikaty-i-informacje\/rok-szkolny-2025-2026\/\" target=\"_blank\" rel=\"noopener\"><strong>=&gt; Komunikaty CKE w sprawie egzamin\u00f3w maturalnych<\/strong><\/a><\/p>\n<p style=\"text-align: right;\"><span style=\"color: #993300;\"><em>(aktualizacja: 18.02.2026)<\/em><\/span><\/p>\n","protected":false},"excerpt":{"rendered":"<p>Rok szkolny 2025-2026 =&gt; zobacz plan pracy szko\u0142y w roku 2025-2026 (plik pdf) \u00a0 Wybrane wydarzenia z planu pracy szko\u0142y: Zebrania z rodzicami uczni\u00f3w liceum i szko\u0142y podstawowej: (zawsze \u015broda od godz. 17:30): 03.09.2025 r. \u2013 obowi\u0105zkowe zebranie wychowawc\u00f3w klas z rodzicami w szkole. 12.11.2025 r. \u2013 dzie\u0144 otwarty (online <a href=\"https:\/\/www.batalionparasol.pl\/slo4\/kalendarium\/\" class=\"read-more\">(czytaj wi\u0119cej &#8230;)<\/a><\/p>\n","protected":false},"author":1,"featured_media":0,"parent":0,"menu_order":0,"comment_status":"closed","ping_status":"closed","template":"","meta":[],"_links":{"self":[{"href":"https:\/\/www.batalionparasol.pl\/slo4\/wp-json\/wp\/v2\/pages\/3142"}],"collection":[{"href":"https:\/\/www.batalionparasol.pl\/slo4\/wp-json\/wp\/v2\/pages"}],"about":[{"href":"https:\/\/www.batalionparasol.pl\/slo4\/wp-json\/wp\/v2\/types\/page"}],"author":[{"embeddable":true,"href":"https:\/\/www.batalionparasol.pl\/slo4\/wp-json\/wp\/v2\/users\/1"}],"replies":[{"embeddable":true,"href":"https:\/\/www.batalionparasol.pl\/slo4\/wp-json\/wp\/v2\/comments?post=3142"}],"version-history":[{"count":83,"href":"https:\/\/www.batalionparasol.pl\/slo4\/wp-json\/wp\/v2\/pages\/3142\/revisions"}],"predecessor-version":[{"id":8288,"href":"https:\/\/www.batalionparasol.pl\/slo4\/wp-json\/wp\/v2\/pages\/3142\/revisions\/8288"}],"wp:attachment":[{"href":"https:\/\/www.batalionparasol.pl\/slo4\/wp-json\/wp\/v2\/media?parent=3142"}],"curies":[{"name":"wp","href":"https:\/\/api.w.org\/{rel}","templated":true}]}}