{"id":3199,"date":"2018-04-11T23:42:52","date_gmt":"2018-04-11T21:42:52","guid":{"rendered":"http:\/\/slo4.edu.pl\/b\/?page_id=3199"},"modified":"2025-08-28T10:57:51","modified_gmt":"2025-08-28T08:57:51","slug":"co-warto-wiedziec-o-naszych-nauczycielach","status":"publish","type":"page","link":"https:\/\/www.batalionparasol.pl\/slo4\/co-warto-wiedziec-o-naszych-nauczycielach\/","title":{"rendered":"Co warto wiedzie\u0107 o naszych nauczycielach"},"content":{"rendered":"<p>W szko\u0142ach ATE ucz\u0105 do\u015bwiadczeni pedagodzy z uprawnieniami egzaminatora maturalnego, wielu z nich pracowa\u0142o wcze\u015bniej w renomowanych liceach warszawskich i na wy\u017cszych uczelniach. Wi\u0119kszo\u015b\u0107 z nich posiada bogaty dorobek naukowy i osi\u0105gni\u0119cia w pracy dydaktycznej (m. in. laureaci olimpiad i konkurs\u00f3w przedmiotowych).<\/p>\n<p>Nasi nauczyciele to ludzie, kt\u00f3rzy kochaj\u0105 sw\u00f3j zaw\u00f3d, rzetelnie i z pasj\u0105 wype\u0142niaj\u0105 obowi\u0105zki. Troszcz\u0105 si\u0119 nie tylko o poziom intelektualny uczni\u00f3w, ale tak\u017ce o ich rozw\u00f3j duchowy i emocjonalny. S\u0105 wymagaj\u0105cy, ale tak\u017ce serdeczni i \u017cyczliwi. Poznajcie naszych nauczycieli:<\/p>\n<table style=\"height: 1000px; width: 69.9165%;\" border=\"1\" cellspacing=\"2\" cellpadding=\"2\">\n<tbody>\n<tr>\n<td style=\"width: 46.7452%;\"><strong>Nazwa przedmiotu<\/strong><\/td>\n<td style=\"width: 77.6406%;\"><strong>Nauczyciele<br \/>\n<\/strong><\/td>\n<\/tr>\n<tr>\n<td style=\"width: 46.7452%;\">J\u0119zyk polski<\/td>\n<td style=\"width: 77.6406%;\">Danuta Bujakiewicz<br \/>\nZofia Czarniecka-Rodzik<br \/>\nAnna Kropiewnicka-Mielko<br \/>\nAdam Hohendorff<\/td>\n<\/tr>\n<tr>\n<td style=\"width: 46.7452%;\">Matematyka<\/td>\n<td style=\"width: 77.6406%;\">Lucyna Hankiewicz<br \/>\nAnna Kulesza<br \/>\nAnna G\u00f3rska<br \/>\nBeata \u017buchowska<br \/>\nPawe\u0142 Gniado<\/td>\n<\/tr>\n<tr>\n<td style=\"width: 46.7452%;\">J\u0119zyk angielski<\/td>\n<td style=\"width: 77.6406%;\">Anna Brysiak<br \/>\nEwa Chondrokostas-Motel<br \/>\nAnna St\u0119pie\u0144<br \/>\nMagdalena Martyniuk<\/td>\n<\/tr>\n<tr>\n<td style=\"width: 46.7452%;\">J\u0119zyk francuski<\/td>\n<td style=\"width: 77.6406%;\">Kamil Mrozek<\/td>\n<\/tr>\n<tr>\n<td style=\"width: 46.7452%;\">J\u0119zyk hiszpa\u0144ski<\/td>\n<td style=\"width: 77.6406%;\">Ivon Alexandra Laguna Acosta<br \/>\nOskar Gil Ochoa<\/td>\n<\/tr>\n<tr>\n<td style=\"width: 46.7452%;\">J\u0119zyk niemiecki<\/td>\n<td style=\"width: 77.6406%;\">Renata Fidos-Kowalewska<br \/>\nMarta Bia\u0142owarczuk<br \/>\nPrzemys\u0142aw Zieli\u0144ski<\/td>\n<\/tr>\n<tr>\n<td style=\"width: 46.7452%;\">Historia<\/td>\n<td style=\"width: 77.6406%;\">Agnieszka Knie\u0107<br \/>\nJacek Gorzkowski<br \/>\nKamil Kropid\u0142owski<br \/>\nRobert Czy\u017cewski<\/td>\n<\/tr>\n<tr>\n<td style=\"width: 46.7452%;\">Edukacja obywatelska<\/td>\n<td style=\"width: 77.6406%;\">Jacek Gorzkowski<br \/>\nJacek Strza\u0142kowski<\/td>\n<\/tr>\n<tr>\n<td style=\"width: 46.7452%;\">Wiedza o spo\u0142ecze\u0144stwie<\/td>\n<td style=\"width: 77.6406%;\">Jacek Gorzkowski<br \/>\nJacek Strza\u0142kowski<\/td>\n<\/tr>\n<tr>\n<td style=\"width: 46.7452%;\">Geografia<\/td>\n<td style=\"width: 77.6406%;\">Anna Markiewicz<br \/>\nPatrycja Fabija\u0144ska<\/td>\n<\/tr>\n<tr>\n<td style=\"width: 46.7452%;\">Biologia<\/td>\n<td style=\"width: 77.6406%;\">Agnieszka Charzewska<br \/>\nAgnieszka G\u00f3rska<br \/>\nAneta St\u0119pniewska<br \/>\nMa\u0142gorzata Czaja<\/td>\n<\/tr>\n<tr>\n<td style=\"width: 46.7452%;\">Chemia<\/td>\n<td style=\"width: 77.6406%;\">Dagmara Nowak<br \/>\nAgnieszka G\u00f3rska<\/td>\n<\/tr>\n<tr>\n<td style=\"width: 46.7452%;\">Fizyka<\/td>\n<td style=\"width: 77.6406%;\">Pawe\u0142 Gniado<br \/>\nAndrzej Szczech<\/td>\n<\/tr>\n<tr>\n<td style=\"width: 46.7452%;\">Edukacja dla bezpiecze\u0144stwa<\/td>\n<td style=\"width: 77.6406%;\">Krzysztof Tomaszewski<\/td>\n<\/tr>\n<tr>\n<td style=\"width: 46.7452%;\">Edukacja zdrowotna<\/td>\n<td style=\"width: 77.6406%;\">Gra\u017cyna Rybka<\/td>\n<\/tr>\n<tr>\n<td style=\"width: 46.7452%;\">Biznes i zarz\u0105dzanie<\/td>\n<td style=\"width: 77.6406%;\">Jacek Strza\u0142kowski<\/td>\n<\/tr>\n<tr>\n<td style=\"width: 46.7452%;\">Informatyka<\/td>\n<td style=\"width: 77.6406%;\">\u0141ukasz Matysek<\/td>\n<\/tr>\n<tr>\n<td style=\"width: 46.7452%;\">WF<\/td>\n<td style=\"width: 77.6406%;\">Gra\u017cyna Rybka<br \/>\nJacek Kalata<\/td>\n<\/tr>\n<tr>\n<td style=\"width: 46.7452%;\">Religia<\/td>\n<td style=\"width: 77.6406%;\">Kamil Kropid\u0142owski<\/td>\n<\/tr>\n<tr>\n<td style=\"width: 46.7452%;\">Etyka<\/td>\n<td style=\"width: 77.6406%;\">Jaros\u0142aw Jarszak<\/td>\n<\/tr>\n<tr>\n<td style=\"width: 46.7452%;\">Plastyka<\/td>\n<td style=\"width: 77.6406%;\">Piotr Romanowski<\/td>\n<\/tr>\n<tr>\n<td style=\"width: 46.7452%;\">Historia sztuki<\/td>\n<td style=\"width: 77.6406%;\">Piotr Romanowski<\/td>\n<\/tr>\n<tr>\n<td style=\"width: 46.7452%;\">Muzyka<\/td>\n<td style=\"width: 77.6406%;\">Marcin Fidos<\/td>\n<\/tr>\n<tr>\n<td style=\"width: 46.7452%;\">Psycholog szkolny<\/td>\n<td style=\"width: 77.6406%;\">Malwina Ha\u0142ucha<\/td>\n<\/tr>\n<tr>\n<td style=\"width: 46.7452%;\">Pedagog szkolny<\/td>\n<td style=\"width: 77.6406%;\">Hubert Nosek<\/td>\n<\/tr>\n<\/tbody>\n<\/table>\n<p>aktualizacja: 28 sierpnia 2025 r.<\/p>\n","protected":false},"excerpt":{"rendered":"<p>W szko\u0142ach ATE ucz\u0105 do\u015bwiadczeni pedagodzy z uprawnieniami egzaminatora maturalnego, wielu z nich pracowa\u0142o wcze\u015bniej w renomowanych liceach warszawskich i na wy\u017cszych uczelniach. Wi\u0119kszo\u015b\u0107 z nich posiada bogaty dorobek naukowy i osi\u0105gni\u0119cia w pracy dydaktycznej (m. in. laureaci olimpiad i konkurs\u00f3w przedmiotowych). Nasi nauczyciele to ludzie, kt\u00f3rzy kochaj\u0105 sw\u00f3j zaw\u00f3d, <a href=\"https:\/\/www.batalionparasol.pl\/slo4\/co-warto-wiedziec-o-naszych-nauczycielach\/\" class=\"read-more\">(czytaj wi\u0119cej &#8230;)<\/a><\/p>\n","protected":false},"author":1,"featured_media":6787,"parent":0,"menu_order":0,"comment_status":"closed","ping_status":"closed","template":"","meta":[],"_links":{"self":[{"href":"https:\/\/www.batalionparasol.pl\/slo4\/wp-json\/wp\/v2\/pages\/3199"}],"collection":[{"href":"https:\/\/www.batalionparasol.pl\/slo4\/wp-json\/wp\/v2\/pages"}],"about":[{"href":"https:\/\/www.batalionparasol.pl\/slo4\/wp-json\/wp\/v2\/types\/page"}],"author":[{"embeddable":true,"href":"https:\/\/www.batalionparasol.pl\/slo4\/wp-json\/wp\/v2\/users\/1"}],"replies":[{"embeddable":true,"href":"https:\/\/www.batalionparasol.pl\/slo4\/wp-json\/wp\/v2\/comments?post=3199"}],"version-history":[{"count":24,"href":"https:\/\/www.batalionparasol.pl\/slo4\/wp-json\/wp\/v2\/pages\/3199\/revisions"}],"predecessor-version":[{"id":7874,"href":"https:\/\/www.batalionparasol.pl\/slo4\/wp-json\/wp\/v2\/pages\/3199\/revisions\/7874"}],"wp:featuredmedia":[{"embeddable":true,"href":"https:\/\/www.batalionparasol.pl\/slo4\/wp-json\/wp\/v2\/media\/6787"}],"wp:attachment":[{"href":"https:\/\/www.batalionparasol.pl\/slo4\/wp-json\/wp\/v2\/media?parent=3199"}],"curies":[{"name":"wp","href":"https:\/\/api.w.org\/{rel}","templated":true}]}}