{"id":3607,"date":"2018-08-26T17:22:55","date_gmt":"2018-08-26T15:22:55","guid":{"rendered":"http:\/\/slo4.edu.pl\/?page_id=3607"},"modified":"2025-08-22T13:49:34","modified_gmt":"2025-08-22T11:49:34","slug":"ksiegowosc-i-oplaty","status":"publish","type":"page","link":"https:\/\/www.batalionparasol.pl\/slo4\/ksiegowosc-i-oplaty\/","title":{"rendered":"Ksi\u0119gowo\u015b\u0107 i op\u0142aty"},"content":{"rendered":"<h4><strong>Op\u0142aty za nauk\u0119 w szkole:<\/strong><\/h4>\n<p><strong>Od 1 wrze\u015bnia 2025 r.<\/strong> czesne za semestr wynosi <strong>10 800 z\u0142<\/strong>. Przy dokonywaniu wp\u0142at czesnego w formie sze\u015bciu rat miesi\u0119cznych wysoko\u015b\u0107 jednej raty wynosi 1800 z\u0142.<\/p>\n<p>Przypominamy, \u017ce maj\u0105 Pa\u0144stwo mo\u017cliwo\u015b\u0107 wyst\u0105pienia do Zarz\u0105du Autorskiego Towarzystwa Edukacyjnego z pisemnym wnioskiem o udzielenie zni\u017cki w op\u0142acie czesnego za drugie i kolejne dziecko ucz\u0105ce si\u0119 w naszych szko\u0142ach.<\/p>\n<p>Prosimy o dokonywanie wp\u0142at przelewem na podane <strong>numery kont bankowych:<\/strong><\/p>\n<p>Spo\u0142eczne Liceum Og\u00f3lnokszta\u0142c\u0105ce nr 4 im. Batalionu AK &#8222;Parasol&#8221;<\/p>\n<h3 style=\"padding-left: 30px;\"><strong>32 1020 1169 0000 8502 0886 5836<\/strong><\/h3>\n<p>Szko\u0142a Podstawowa przy Spo\u0142ecznym LO nr 4 im. Batalionu AK &#8222;Parasol&#8221;<\/p>\n<h3 style=\"padding-left: 30px;\"><strong>40 1020 1169 0000 8702 0886 5885<\/strong><\/h3>\n<h4>Kontakt do ksi\u0119gowo\u015bci:<\/h4>\n<p>tel. 22 644 62 60 wew. 4 lub 22 641 26 34 wew. 4.<\/p>\n<p>Ksi\u0119gowo\u015b\u0107 jest czynna od poniedzia\u0142ku do pi\u0105tku w godzinach od 8:30 do 14:00.<\/p>\n<p style=\"text-align: right;\"><span style=\"color: #ff0000;\"><em>(aktualizacja: 22 sierpnia 2025 r.)<\/em><\/span><\/p>\n","protected":false},"excerpt":{"rendered":"<p>Op\u0142aty za nauk\u0119 w szkole: Od 1 wrze\u015bnia 2025 r. czesne za semestr wynosi 10 800 z\u0142. Przy dokonywaniu wp\u0142at czesnego w formie sze\u015bciu rat miesi\u0119cznych wysoko\u015b\u0107 jednej raty wynosi 1800 z\u0142. Przypominamy, \u017ce maj\u0105 Pa\u0144stwo mo\u017cliwo\u015b\u0107 wyst\u0105pienia do Zarz\u0105du Autorskiego Towarzystwa Edukacyjnego z pisemnym wnioskiem o udzielenie zni\u017cki w <a href=\"https:\/\/www.batalionparasol.pl\/slo4\/ksiegowosc-i-oplaty\/\" class=\"read-more\">(czytaj wi\u0119cej &#8230;)<\/a><\/p>\n","protected":false},"author":1,"featured_media":3608,"parent":0,"menu_order":0,"comment_status":"closed","ping_status":"closed","template":"","meta":[],"_links":{"self":[{"href":"https:\/\/www.batalionparasol.pl\/slo4\/wp-json\/wp\/v2\/pages\/3607"}],"collection":[{"href":"https:\/\/www.batalionparasol.pl\/slo4\/wp-json\/wp\/v2\/pages"}],"about":[{"href":"https:\/\/www.batalionparasol.pl\/slo4\/wp-json\/wp\/v2\/types\/page"}],"author":[{"embeddable":true,"href":"https:\/\/www.batalionparasol.pl\/slo4\/wp-json\/wp\/v2\/users\/1"}],"replies":[{"embeddable":true,"href":"https:\/\/www.batalionparasol.pl\/slo4\/wp-json\/wp\/v2\/comments?post=3607"}],"version-history":[{"count":24,"href":"https:\/\/www.batalionparasol.pl\/slo4\/wp-json\/wp\/v2\/pages\/3607\/revisions"}],"predecessor-version":[{"id":7871,"href":"https:\/\/www.batalionparasol.pl\/slo4\/wp-json\/wp\/v2\/pages\/3607\/revisions\/7871"}],"wp:featuredmedia":[{"embeddable":true,"href":"https:\/\/www.batalionparasol.pl\/slo4\/wp-json\/wp\/v2\/media\/3608"}],"wp:attachment":[{"href":"https:\/\/www.batalionparasol.pl\/slo4\/wp-json\/wp\/v2\/media?parent=3607"}],"curies":[{"name":"wp","href":"https:\/\/api.w.org\/{rel}","templated":true}]}}