{"id":3638,"date":"2018-09-04T21:06:34","date_gmt":"2018-09-04T19:06:34","guid":{"rendered":"http:\/\/slo4.edu.pl\/?page_id=3638"},"modified":"2025-08-29T17:02:04","modified_gmt":"2025-08-29T15:02:04","slug":"statut-i-regulaminy-liceum","status":"publish","type":"page","link":"https:\/\/www.batalionparasol.pl\/slo4\/statut-i-regulaminy-liceum\/","title":{"rendered":"Statut i regulaminy Liceum"},"content":{"rendered":"<p>Dokumenty szkolne obowi\u0105zuj\u0105ce w Spo\u0142ecznym Liceum Og\u00f3lnokszta\u0142c\u0105cym Nr 4 im. Batalionu AK \u201eParasol\u201d w Warszawie:<\/p>\n<blockquote><p><a href=\"https:\/\/www.batalionparasol.pl\/slo4\/wp-content\/uploads\/2025\/02\/Statut-SLO4-14-01-2025.pdf\"><strong>Statut Spo\u0142ecznego Liceum Og\u00f3lnokszta\u0142c\u0105cego Nr 4 im. Batalionu AK &#8222;Parasol&#8221;<\/strong><\/a><\/p>\n<p><a href=\"https:\/\/www.batalionparasol.pl\/slo4\/wp-content\/uploads\/2025\/08\/Program-wychowawczy-SLO4-sierpien-2025.pdf\"><strong>Szkolny Program Wychowawczo-Profilaktyczny<\/strong><\/a><\/p>\n<p><a href=\"https:\/\/www.batalionparasol.pl\/slo4\/wp-content\/uploads\/2024\/09\/Standardy-ochrony-maloletnich-w-SLO4_v1.pdf\"><strong>Standardy ochrony ma\u0142oletnich<\/strong><\/a><\/p>\n<p><strong><a href=\"https:\/\/www.batalionparasol.pl\/slo4\/wp-content\/uploads\/2023\/09\/SLO4_Regulamin_BHP_31-08-2023.pdf\">Wewn\u0105trzszkolny Regulamin Bezpiecze\u0144stwa i Higieny<\/a><\/strong><\/p>\n<p><strong><a href=\"http:\/\/batalionparasol.pl\/slo4\/wp-content\/uploads\/2020\/12\/SLO4-Regulamin-funduszu-stypendialnego-styczen-2021.pdf\">Regulamin funduszu stypendialnego i nagr\u00f3d dla uczni\u00f3w Liceum<\/a><\/strong><\/p>\n<p><strong><a href=\"http:\/\/batalionparasol.pl\/slo4\/wp-content\/uploads\/2019\/09\/Zwolnienie-z-wf.doc\">Zwolnienie z zaj\u0119\u0107 WF<\/a><\/strong><\/p>\n<p style=\"text-align: right;\"><em>aktualizacja: 29-08-2025<\/em><\/p>\n<\/blockquote>\n","protected":false},"excerpt":{"rendered":"<p>Dokumenty szkolne obowi\u0105zuj\u0105ce w Spo\u0142ecznym Liceum Og\u00f3lnokszta\u0142c\u0105cym Nr 4 im. Batalionu AK \u201eParasol\u201d w Warszawie: Statut Spo\u0142ecznego Liceum Og\u00f3lnokszta\u0142c\u0105cego Nr 4 im. Batalionu AK &#8222;Parasol&#8221; Szkolny Program Wychowawczo-Profilaktyczny Standardy ochrony ma\u0142oletnich Wewn\u0105trzszkolny Regulamin Bezpiecze\u0144stwa i Higieny Regulamin funduszu stypendialnego i nagr\u00f3d dla uczni\u00f3w Liceum Zwolnienie z zaj\u0119\u0107 WF aktualizacja: 29-08-2025<\/p>\n","protected":false},"author":1,"featured_media":35,"parent":0,"menu_order":0,"comment_status":"closed","ping_status":"closed","template":"","meta":[],"_links":{"self":[{"href":"https:\/\/www.batalionparasol.pl\/slo4\/wp-json\/wp\/v2\/pages\/3638"}],"collection":[{"href":"https:\/\/www.batalionparasol.pl\/slo4\/wp-json\/wp\/v2\/pages"}],"about":[{"href":"https:\/\/www.batalionparasol.pl\/slo4\/wp-json\/wp\/v2\/types\/page"}],"author":[{"embeddable":true,"href":"https:\/\/www.batalionparasol.pl\/slo4\/wp-json\/wp\/v2\/users\/1"}],"replies":[{"embeddable":true,"href":"https:\/\/www.batalionparasol.pl\/slo4\/wp-json\/wp\/v2\/comments?post=3638"}],"version-history":[{"count":23,"href":"https:\/\/www.batalionparasol.pl\/slo4\/wp-json\/wp\/v2\/pages\/3638\/revisions"}],"predecessor-version":[{"id":7897,"href":"https:\/\/www.batalionparasol.pl\/slo4\/wp-json\/wp\/v2\/pages\/3638\/revisions\/7897"}],"wp:featuredmedia":[{"embeddable":true,"href":"https:\/\/www.batalionparasol.pl\/slo4\/wp-json\/wp\/v2\/media\/35"}],"wp:attachment":[{"href":"https:\/\/www.batalionparasol.pl\/slo4\/wp-json\/wp\/v2\/media?parent=3638"}],"curies":[{"name":"wp","href":"https:\/\/api.w.org\/{rel}","templated":true}]}}