{"id":3643,"date":"2018-09-04T21:17:12","date_gmt":"2018-09-04T19:17:12","guid":{"rendered":"http:\/\/slo4.edu.pl\/?page_id=3643"},"modified":"2024-06-27T16:30:44","modified_gmt":"2024-06-27T14:30:44","slug":"informacje-o-liceum","status":"publish","type":"page","link":"https:\/\/www.batalionparasol.pl\/slo4\/informacje-o-liceum\/","title":{"rendered":"Informacje o Liceum"},"content":{"rendered":"<p>Spo\u0142eczne Liceum Og\u00f3lnokszta\u0142c\u0105ce nr 4 im. Batalionu AK \u201eParasol\u201d w Warszawie jest niepubliczn\u0105 szko\u0142\u0105 ponadpodstawow\u0105 o uprawnieniach szko\u0142y publicznej.<\/p>\n<h3><strong>W NASZYM LICEUM:<\/strong><\/h3>\n<ul>\n<li>panuje przyjazna atmosfera, a klasy licz\u0105 do 16 os\u00f3b;<\/li>\n<li>sam zadecydujesz o profilu nauczania wybieraj\u0105c dowolne przedmioty na poziomie rozszerzonym po klasie pierwszej;<\/li>\n<li>istnieje mo\u017cliwo\u015b\u0107 zwi\u0119kszenia liczby godzin przedmiot\u00f3w rozszerzonych (w miar\u0119 potrzeby);<\/li>\n<li>najlepsi uczniowie co miesi\u0105c otrzymuj\u0105 stypendia naukowe;<\/li>\n<li>przygotujemy Ci\u0119 do dowolnej olimpiady;<\/li>\n<li>zapewniamy nauk\u0119 j\u0119zyk\u00f3w obcych w wymiarze pi\u0119ciu godzin tygodniowo ka\u017cdy w r\u00f3\u017cnych grupach zaawansowania (obowi\u0105zkowy jest j\u0119zyk angielski i do wyboru francuski lub niemiecki);<\/li>\n<li>proponujemy zaj\u0119cia dodatkowe z historii sztuki, filozofii, programowania, wiedzy o filmie i fotografii;<\/li>\n<li>odbywaj\u0105 si\u0119 lekcje religii, a dla tych, kt\u00f3rzy w nich nie uczestnicz\u0105, proponujemy lekcje etyki;<\/li>\n<li>ka\u017cdy ucze\u0144 mo\u017ce rozwija\u0107 swe zainteresowania pod opiek\u0105 tutora-mistrza, przewodnika naukowego, kt\u00f3rego sam wybiera i z kt\u00f3rym pracuje indywidualnie;<\/li>\n<li>zaj\u0119cia s\u0105 wzbogacone o sesje naukowe z r\u00f3\u017cnych dziedzin oraz debaty oxfordzkie;<\/li>\n<li>realizujemy projekty edukacyjne w kraju i za granic\u0105 (Niemcy, Hiszpania, Wielka Brytania);<\/li>\n<li>w czasie ferii zimowych wyje\u017cd\u017camy na ob\u00f3z narciarski do W\u0142och;<\/li>\n<li>uczniowie mog\u0105 dzia\u0142a\u0107 w samorz\u0105dzie i radiow\u0119\u017ale, uczestnicz\u0105 w licznych imprezach organizowanych na terenie szko\u0142y (Bieg Niepodleg\u0142o\u015bci, Talent Show, Dzie\u0144 Absolwenta, Dzie\u0144 Sportu, koncerty charytatywne na rzecz domu dziecka i hospicjum, wieczory filmowe, wycieczki rowerowe);<\/li>\n<li>wsp\u00f3\u0142pracujemy ze \u015arodowiskiem \u017bo\u0142nierzy AK Batalionu \u201cParasol\u201d;<\/li>\n<li>szczeg\u00f3ln\u0105 wag\u0119 przywi\u0105zujemy do wychowania uczni\u00f3w w poszanowaniu tradycji historycznej.<\/li>\n<\/ul>\n<h3>Zobacz jak uczniowie oceniaj\u0105 Liceum na Hawajskiej<\/h3>\n<p><iframe loading=\"lazy\" title=\"Uczniowie - bij\u0105ce serce Hawajskiej\" width=\"640\" height=\"360\" src=\"https:\/\/www.youtube.com\/embed\/pMDu1qHZjJk?feature=oembed\" frameborder=\"0\" allow=\"accelerometer; autoplay; clipboard-write; encrypted-media; gyroscope; picture-in-picture; web-share\" allowfullscreen><\/iframe><\/p>\n<p><strong>KADRA PEDAGOGICZNA<\/strong> to nauczyciele z uprawnieniami egzaminatora maturalnego, od lat zwi\u0105zani ze szko\u0142\u0105. Troszcz\u0105 si\u0119 nie tylko o poziom intelektualny uczni\u00f3w, ale tak\u017ce o ich rozw\u00f3j duchowy i emocjonalny. S\u0105 wymagaj\u0105cy, ale tak\u017ce serdeczni i \u017cyczliwi.<\/p>\n<p><strong>DO NASZEJ SZKO\u0141Y ZAPRASZAMY WSZYSTKICH TYCH, KT\u00d3RZY:<\/strong><\/p>\n<ul>\n<li>my\u015bl\u0105 powa\u017cnie o nauce i przysz\u0142o\u015bci,<\/li>\n<li>s\u0105 ciekawi poznania i chc\u0105 si\u0119 uczy\u0107,<\/li>\n<li>zechc\u0105 wsp\u00f3\u0142tworzy\u0107 kulturaln\u0105 i \u017cyczliw\u0105 atmosfer\u0119 szko\u0142y,<\/li>\n<li>maj\u0105 wysokie wymagania moralne wobec siebie i innych.<\/li>\n<\/ul>\n<p><a href=\"https:\/\/batalionparasol.pl\/slo4\/kandydaci-do-liceum\/\"><strong>Poznaj zasady rekrutacji do Liceum<\/strong><\/a><\/p>\n","protected":false},"excerpt":{"rendered":"<p>Spo\u0142eczne Liceum Og\u00f3lnokszta\u0142c\u0105ce nr 4 im. Batalionu AK \u201eParasol\u201d w Warszawie jest niepubliczn\u0105 szko\u0142\u0105 ponadpodstawow\u0105 o uprawnieniach szko\u0142y publicznej. W NASZYM LICEUM: panuje przyjazna atmosfera, a klasy licz\u0105 do 16 os\u00f3b; sam zadecydujesz o profilu nauczania wybieraj\u0105c dowolne przedmioty na poziomie rozszerzonym po klasie pierwszej; istnieje mo\u017cliwo\u015b\u0107 zwi\u0119kszenia liczby godzin <a href=\"https:\/\/www.batalionparasol.pl\/slo4\/informacje-o-liceum\/\" class=\"read-more\">(czytaj wi\u0119cej &#8230;)<\/a><\/p>\n","protected":false},"author":1,"featured_media":7229,"parent":0,"menu_order":0,"comment_status":"closed","ping_status":"closed","template":"","meta":[],"_links":{"self":[{"href":"https:\/\/www.batalionparasol.pl\/slo4\/wp-json\/wp\/v2\/pages\/3643"}],"collection":[{"href":"https:\/\/www.batalionparasol.pl\/slo4\/wp-json\/wp\/v2\/pages"}],"about":[{"href":"https:\/\/www.batalionparasol.pl\/slo4\/wp-json\/wp\/v2\/types\/page"}],"author":[{"embeddable":true,"href":"https:\/\/www.batalionparasol.pl\/slo4\/wp-json\/wp\/v2\/users\/1"}],"replies":[{"embeddable":true,"href":"https:\/\/www.batalionparasol.pl\/slo4\/wp-json\/wp\/v2\/comments?post=3643"}],"version-history":[{"count":3,"href":"https:\/\/www.batalionparasol.pl\/slo4\/wp-json\/wp\/v2\/pages\/3643\/revisions"}],"predecessor-version":[{"id":6736,"href":"https:\/\/www.batalionparasol.pl\/slo4\/wp-json\/wp\/v2\/pages\/3643\/revisions\/6736"}],"wp:featuredmedia":[{"embeddable":true,"href":"https:\/\/www.batalionparasol.pl\/slo4\/wp-json\/wp\/v2\/media\/7229"}],"wp:attachment":[{"href":"https:\/\/www.batalionparasol.pl\/slo4\/wp-json\/wp\/v2\/media?parent=3643"}],"curies":[{"name":"wp","href":"https:\/\/api.w.org\/{rel}","templated":true}]}}