{"id":3655,"date":"2018-09-04T21:40:05","date_gmt":"2018-09-04T19:40:05","guid":{"rendered":"http:\/\/slo4.edu.pl\/?page_id=3655"},"modified":"2026-04-24T16:04:24","modified_gmt":"2026-04-24T14:04:24","slug":"osiagniecia","status":"publish","type":"page","link":"https:\/\/www.batalionparasol.pl\/slo4\/osiagniecia\/","title":{"rendered":"Osi\u0105gni\u0119cia"},"content":{"rendered":"<p style=\"text-align: left;\"><span style=\"color: #800000; font-size: medium;\"><strong>LAUREACI I FINALI\u015aCI OLIMPIAD I KONKURS\u00d3W PRZEDMIOTOWYCH<\/strong><\/span><\/p>\n<h4>2025\/2026<\/h4>\n<p>Olimpiada Literatury i J\u0119zyka Polskiego dla SP &#8211; finalistka Dorota Rysz z kl. VIIIa.<\/p>\n<p>Konkursy Mazowieckiego Kuratora O\u015bwiaty:<\/p>\n<ul>\n<li>konkurs przedmiotowy z j\u0119zyka angielskiego &#8211; laureat Mateusz Godlewski z kl. VIIIa, finalista Micha\u0142 Petrallis z klasy VIIIa.<\/li>\n<li>konkurs przedmiotowy z j\u0119zyka polskiego &#8211; finalistka Michalina Kosmala z klasy VIIIa.<\/li>\n<li>konkurs przedmiotowy z historii &#8211; finalista Tadeusz Grzegorczyk z klasy VIIa.<\/li>\n<\/ul>\n<h4>2024\/2025<\/h4>\n<p>Konkursy Mazowieckiego Kuratora O\u015bwiaty:<\/p>\n<ul>\n<li>konkurs przedmiotowy z j\u0119zyka angielskiego &#8211; finalistka Michalina Olesi\u0144ska z klasy VIIa.<\/li>\n<li>konkurs przedmiotowy z j\u0119zyka hiszpa\u0144skiego &#8211; finalistka Michalina Olesi\u0144ska z klasy VIIa.<\/li>\n<\/ul>\n<p>Konkurs tematyczny wiedzy o spo\u0142ecze\u0144stwie &#8222;Cz\u0142owiek w \u015bwiecie&#8221; &#8211; finalistka Yuanrui Deng z klasy VIIIa.<\/p>\n<p>Konkurs tematyczny o zdrowiu &#8222;Higieja&#8221; &#8211; laureatka Zofia \u017by\u0142a z klasy VIIa, finalistka Aleksandra Karsznia z klasy VIIIa.<\/p>\n<h4>2023\/2024<\/h4>\n<p>Konkursy Mazowieckiego Kuratora O\u015bwiaty:<\/p>\n<ul>\n<li>konkurs przedmiotowy z biologii &#8211; finalistka Diana Derda z klasy VIIIa.<\/li>\n<\/ul>\n<p>Konkurs Wiedzy Biblijnej Hieronymus 2024 &#8211; laureatka Antonina Szulc z klasy VIIIa; finalistki Zoja Ciesielska i Hanna Pachuta z klasy VIIIa.<\/p>\n<p>Konkurs tematyczny o zdrowiu &#8222;Higieja&#8221; &#8211; finalistka Diana Derda z klasy VIIIa.<\/p>\n<p>Konkurs tematyczny wiedzy o spo\u0142ecze\u0144stwie &#8222;Spo\u0142ecze\u0144stwo Obywatelskie&#8221; &#8211; finalistka Alicja Trojak z klasy VIIIa.<\/p>\n<p>Mi\u0119dzyszkolny konkurs matematyczny MATL \u2013 Matematyka i angielski \u2013 to lubi\u0119! &#8211; laureatka Antonina Szulc z klasy VIIIa.<\/p>\n<h4>2022\/2023<\/h4>\n<p>Konkursy Mazowieckiego Kuratora O\u015bwiaty:<\/p>\n<ul>\n<li>konkurs z j\u0119zyka angielskiego &#8211; laureatka: Gabriela Ramotowska z klasy VIII b.<\/li>\n<li>konkurs matematyczny &#8211; laureaci: Franciszek Dela i Jan Milewski z klasy VIII a.<\/li>\n<li>konkurs chemiczny &#8211; finali\u015bci: Ewa Rode i Kazimierz Karwowski z klasy VIII b.<\/li>\n<li>konkurs biologiczny &#8211; finalista: Kazimierz Karwowski z klasy VIII b.<\/li>\n<\/ul>\n<p>Konkurs Wiedzy Biblijnej Hieronymus 2023 &#8211; laureaci: Aleksandra Petrallis klasa VIII b, Antoni Sternak VIII a, Krzysztof Ko\u015bcielski VIII b. Finali\u015bci: Alicja Trojak z klasy VII a, Hanna Sternak VIII b, Jan Herman VIII b, Ma\u0142gorzata Bielak VIII a, Zuzanna \u0141ukasiak VIII a, Adam Dziekan VIII b.<\/p>\n<p>Konkurs tematyczny \u201eZbrodnia Katy\u0144ska. Pami\u0119\u0107 i prawda\u201d &#8211; finali\u015bci: Tymon Ramocki z klasy VIII a i Adam Dziekan z klasy VIII b.<\/p>\n<p>Og\u00f3lnopolski Konkurs J\u0119zyka Niemieckiego \u201eLUST AUF LESEN\u201d (ochota na czytanie) &#8211; finalistka: Barbara Karsznia z klasy VIII a.<\/p>\n<h4>2021\/2022<\/h4>\n<p>Konkursy Mazowieckiego Kuratora O\u015bwiaty dla uczni\u00f3w szk\u00f3\u0142 podstawowych:<\/p>\n<ul>\n<li>Konkurs biologiczny &#8211; laureatka: Anna Stolarska z klasy VIII b<\/li>\n<li>Konkurs Wiedzy Biblijnej Hieronymus 2022 &#8211; laureaci: Karolina Kostrzewa z klasy VIII b oraz Garbiela Ramotowska, Adam Dziekan i Kazimierz Karwowski z klasy VII b. Finali\u015bci: Maria Piech i Nadia \u017bak z klasy VIII a oraz Aleksander Szostak z klasy VII b.<\/li>\n<\/ul>\n<p>Og\u00f3lnopolski Konkurs J\u0119zyka Niemieckiego \u201eLUST AUF LESEN\u201d (ochota na czytanie) &#8211; finalistka: Karolina Kostrzewa z klasy VIII b.<\/p>\n<h4>2020\/2021<\/h4>\n<p>Olimpiada J\u0119zyka Angielskiego dla Junior\u00f3w &#8211; laureatki: Maja D\u0105browska z kl. VIIIb i Lena Jednacz z kl. VIIIa<\/p>\n<p>Konkursy Mazowieckiego Kuratora O\u015bwiaty:<\/p>\n<ul>\n<li>Konkurs polonistyczny &#8211; finali\u015bci: Magdalena Sawicka i Piotr Szostak z kl. VIIIb<\/li>\n<li>Konkurs matematyczny &#8211; finalista Piotr Szostak z kl. VIIIb<\/li>\n<li>Konkurs j\u0119zyka hiszpa\u0144skiego &#8211; finalistka Lena Jednacz z kl. VIIIa<\/li>\n<li>Konkurs informatyczny LOGIA &#8211; finalista Antoni Marzec z kl. VIIIa<\/li>\n<li>Konkurs biblijny HIERONYMUS &#8211; laureaci: Maria Piech z kl. VIIa, Jakub Bory\u015b z kl. VIIb i Magdalena Sawicka z kl. VIIIb; finali\u015bci: Piotr Imielski, \u0141ucja Majewska i Anna Stolarska z klasy VIIb, Maja Sikora z klasy VIIIb oraz Zofia Szymu\u015b z klasy VIIa.<\/li>\n<\/ul>\n<p>Konkurs Bitwa Warszawska 1920 roku. Prze\u0142omowy moment historii Polski i Europy &#8211; finalista Piotr Asyngier z kl. VIIIa.<\/p>\n<h4>2019\/2020<\/h4>\n<p>Konkursy Mazowieckiego Kuratora O\u015bwiaty dla uczni\u00f3w szk\u00f3\u0142 podstawowych:<\/p>\n<ul>\n<li>Konkurs chemiczny &#8211; laureat: Bartosz S\u0142upecki z kl. VIIIa.<\/li>\n<li>Konkurs polonistyczny &#8211; finalistka: Malwina Napieralska z kl. VIIIa.<\/li>\n<li>Konkurs biblijny HIERONYMUS &#8211; finali\u015bci: Magdalena Sawicka i Piotr Szostak z kl. VIIb.<\/li>\n<\/ul>\n<p>Olimpiada Matematyczna Junior\u00f3w &#8211; finalistka: Maja Zdanowska z kl. VIIIb.<\/p>\n<p>Og\u00f3lnopolski Konkurs J\u0119zyka Niemieckiego \u201eLUST AUF LESEN\u201d &#8211; finali\u015bci: Rozalia Waliszewska z kl. VIIIa oraz Aleksandra Fiedorowicz i Mateusz Sienkiewicz z kl. VIIIb.<\/p>\n<h4>2018\/2019<\/h4>\n<p>Konkursy Mazowieckiego Kuratora O\u015bwiaty dla uczni\u00f3w szk\u00f3\u0142 podstawowych i klas gimnazjalnych:<\/p>\n<ul>\n<li>Konkurs polonistyczny &#8211; laureatki: Agata Tr\u0119bacz z kl. VIIIa i Liliana Stanek z kl. VIIIb; finalistki: Maria Fr\u0105czak z kl. VIIIa i Weronika Kostrzewa z kl. VIIIc.<\/li>\n<li>Konkurs j\u0119zyka angielskiego &#8211; finalistki: Maria Fr\u0105czak i Karmen Kobielak z klasy VIIIa.<\/li>\n<li>Konkurs chemiczny &#8211; laureat: Tomasz Prokop z kl. 3Dg<\/li>\n<li>Konkurs informatyczny LOGIA &#8211; laureat: Wiktor K\u0142oniecki z kl. 3D gimn. (100%)<\/li>\n<li>Konkurs matematyczny &#8211; laureaci: Iga Jeznacka z kl. VIIIb i Maciej Karwowski z kl. VIIIc; finalistki: Liliana Stanek z kl. VIIIb i Hanna Rusinek z klasy 3D gimn.<\/li>\n<li>Konkurs Biblijny \u201eHieronymus 2019\u201d &#8211; laureaci: Zuzanna Szyma\u0144ska z kl. 3C gimn., Julia So\u0142tys z kl. 3B gimn. oraz Dominik Wasiluk z kl. VIIIc; finalistka: Anna Balewska z kl. VIIIc.<\/li>\n<\/ul>\n<p>Olimpiada J\u0119zyka Angielskiego dla Gimnazjalist\u00f3w (OJAG) &#8211; laureaci: Maria Fr\u0105czak i Karmen Kobielak z kl. VIIIa, Izabella S\u0142omka i Krzysztof Wojtaszko z kl. 3D gimn.<\/p>\n<p>Og\u00f3lnopolski Konkurs J\u0119zyka Niemieckiego &#8222;Lust auf Lesen&#8221; (Ochota na czytanie) &#8211; finali\u015bci: Maja Grunas i Ania Ole\u015b z klasy VIIIa oraz Franciszek Howard z kl. VIIIb.<\/p>\n<h4>2017\/2018<\/h4>\n<p>Konkursy dla uczni\u00f3w klas gimnazjalnych:<\/p>\n<ul>\n<li>Konkurs polonistyczny &#8211; laureatka: Aleksandra Majewska kl. 3A; finalistka: Zuzanna Brudzy\u0144ska, kl. 3B.<\/li>\n<li>Konkurs j\u0119z. angielskiego &#8211; laureatki: Natalia Stasik, kl. 3A, Gabriela Wasiluk, kl. 3C, Dominika Zawicka, kl. 3C.<\/li>\n<li>Konkurs Biblijny \u201eHieronymus\u201d &#8211; laureatki: Hanna Pabi\u015b, kl. 3A, Zofia Szajner, kl. 3A.<\/li>\n<li>Konkurs chemiczny &#8211; finalista: Piotr Sici\u0144ski, kl. 3C.<\/li>\n<\/ul>\n<p>Konkursy dla uczni\u00f3w szko\u0142y podstawowej:<\/p>\n<ul>\n<li>Konkurs polonistyczny &#8211; laureaci: Iga Jeznacka, kl. VII B (1. miejsce w Polsce!), Liliana Stanek, kl. VII B, Antoni K\u0119dziora, kl. VII A; finalistka: Marta Ko\u017cuchowska, kl. VII C.<\/li>\n<li>Konkurs matematyczny &#8211; laureatka Maria Eberhardt, kl. VII B.<\/li>\n<li>Konkurs informatyczny miniLogia &#8211; laureatka Iga Jeznacka, kl. VII B; finalista: Maciej Klejman, kl. VII A.<\/li>\n<\/ul>\n<h4>2016\/2017<\/h4>\n<ul>\n<li>Konkurs matematyczny \u2013 laureatki: Natalia Ku\u017amierkiewicz, kl. 3B i Julia Wawer, kl. 3A, finalista: Alex Overbeek, kl. 3C<\/li>\n<li>Konkurs chemiczny \u2013 laureatka: Aleksandra Szczepanik, kl. 3A.<\/li>\n<li>Konkurs polonistyczny \u2013 laureaci: Zuzanna J\u0119drzejowska, kl. 3A, Aleksander Kurak, kl. 3A i Pawe\u0142 Piluch, kl. 3B.<\/li>\n<li>Konkurs j\u0119zyka angielskiego \u2013 laureatki: Hania Niemczyk, kl. 2C i Natalia Stasik, kl. 2A.<\/li>\n<li>Konkurs j\u0119zyka francuskiego \u2013 finalistka: Ewa Loge z kl. 3B.<\/li>\n<\/ul>\n<h4 style=\"text-align: left;\">2015\/2016<\/h4>\n<ul>\n<li style=\"text-align: left;\">Konkurs J\u0119zyka Polskiego &#8211; laureatka Marta Makuch, kl. 3A<\/li>\n<li style=\"text-align: left;\">Konkurs Historyczny &#8211; laureatka Aleksandra Nowakowska, kl. 2C<\/li>\n<li style=\"text-align: left;\">Konkurs Matematyczny &#8211; finalista Adam Bac, kl. 3C, Natalia Radomska, kl. 3D<\/li>\n<li style=\"text-align: left;\">Konkurs Wiedzy Biblijnej &#8222;HIERONYMUS&#8221; &#8211; laureatka Barbara Jastrz\u0119bska, kl. 3B<\/li>\n<li style=\"text-align: left;\">Olimpiada J\u0119zyka Angielskiego dla Gimnazjalist\u00f3w &#8211; laureatka Julia Wawer, kl. 2A<\/li>\n<li style=\"text-align: left;\">Olimpiada Matematyczna Gimnazjalist\u00f3w 2015\/2016 &#8211; laureat Adam Bac, kl. 3C<\/li>\n<li style=\"text-align: left;\">Og\u00f3lnopolski Konkurs Matematyczny dla uczni\u00f3w klas III gimnazjum UKSW &#8211; II miejsce Adam Bac, kl. 3C; finali\u015bci: Natalia Radomska kl. 3D , Leszek Troc, kl. 3A<\/li>\n<\/ul>\n<h4 style=\"text-align: left;\">2014\/2015<\/h4>\n<ul>\n<li style=\"text-align: left;\">Konkurs J\u0119zyka Polskiego- laureatka Aleksandra Wepa, kl. 3A<\/li>\n<li style=\"text-align: left;\">Konkurs Historyczny &#8211; laureat Kamil Nowakowski, kl. 3D<\/li>\n<li style=\"text-align: left;\">Konkurs J. Niemieckiego &#8211; laureatka Julia Konighaus, kl. 3C<\/li>\n<li style=\"text-align: left;\">Konkurs Fizyczny &#8211; finalista Micha\u0142 \u015awiderski, kl3A<\/li>\n<li style=\"text-align: left;\">Konkurs Matematyczny &#8211; finalista Aleksandra Str\u0105k, kl. 3D<\/li>\n<li style=\"text-align: left;\">Konkurs Wiedzy Biblijnej &#8222;Hieronymus&#8221; &#8211; finalistki Julia Bogda\u0144ska, kl. 3A i Zuzanna Masianis, kl. 3D<\/li>\n<li style=\"text-align: left;\">IX Olimpiada Informatyczna Gimnazjalist\u00f3w &#8211; laureat III stopnia Adam Bac, kl. 2C<\/li>\n<li style=\"text-align: left;\">Og\u00f3lnopolski Konkurs J\u0119zyka Niemieckiego &#8211; IV miejsce w Polsce Julia Konighaus, kl. 3C<\/li>\n<\/ul>\n<h4>2013\/2014<\/h4>\n<ul>\n<li>Konkurs Polonistyczny &#8211; laureat Martin Overbeek kl. 3C; finalistka Karolina Ruzikowska kl. 3B<\/li>\n<li>Konkurs J\u0119zyka Angielskiego &#8211; laureat Martin Overbeek kl. 3C; finali\u015bci: Dominik Baraniecki (3A), Barbara Golatowska (3B), Maciej Niedziela (3C), Aleksandra Warkocka (3B), Klaudia Wojtal(3B)<\/li>\n<li>Konkurs J\u0119zyka Niemieckiego &#8211; finalistka Julia K\u00f6nighaus (2C)<\/li>\n<li>Konkurs J\u0119zyka Francuskiego &#8211; finalista Szymon W\u00f3jcik (1D)<\/li>\n<li>Konkurs Wiedzy Biblijnej Hieronymus &#8211; laureaci: Weronika Skwaro\u0144 (3A), Zuzanna Przygoda (2C), Anna Krze\u015bniak (2D); finalistka Dominika Kasprzyk (3A)<\/li>\n<li>Konkurs Filozoficzny &#8222;W drodze ku m\u0105dro\u015bci&#8221; &#8211; finalista Pawe\u0142 \u017bukowski (2D)<\/li>\n<li>Konkurs Informatyczny LOGIA14 &#8211; laureat Adam Bac (1C)<\/li>\n<li>I miejsce w Dru\u017cynowych Mistrzostwach Ursynowa w Je\u017adzie Rowerem na Orientacj\u0119 Szk\u00f3\u0142 Gimnazjalnych i Ponadgimnazjalnych<\/li>\n<li>I miejsce w Szkolnym Konkursie Pierwszej Pomocy &#8222;Nie b\u00f3j si\u0119 pomaga\u0107&#8221;<\/li>\n<li>III miejsce w Turnieju w Pi\u0142ce No\u017cnej &#8211; Memoria\u0142 im. o. J\u00f3zefa Jo\u0144ca<\/li>\n<li>Dzielnicowy Konkurs Matematyczny &#8222;Tropami Pitagorasa&#8221; &#8211; laureaci &#8211; kl. I Adam Bac, kl. II Micha\u0142 Majewski, Ola Str\u0105k, Aniela D\u0105browska, kl. III Maciej Niedziela, Martin Overbeek<\/li>\n<li>Mi\u0119dzynarodowy Konkurs Matematyczny &#8222;Kangur&#8221; 2014 &#8211; wynik bardzo dobry Maciej Niedziela (kl. 3C)<\/li>\n<\/ul>\n<h4 style=\"text-align: left;\">2012\/2013<\/h4>\n<ul>\n<li>Konkurs J\u0119zyka Niemieckiego dla Gimnazjum- finalistki Ina Biery\u0142o kl. 3Ai Julia K\u00f6nighaus kl. 1C<\/li>\n<li>Konkurs Chemiczny &#8211; finalista Janusz Bujnowski kl. 3B<\/li>\n<li>Konkurs Filozoficzny \u201eW drodze ku m\u0105dro\u015bci\u201d- laureat 2. miejsca Martin Overbeek kl. 2C, laureatka Agnieszka W\u0105sikowska kl. 3A, finalista Jan O\u015bka kl. 3A<\/li>\n<li>Konkurs Geograficzny -\u0080\u0093 laureat Stanis\u0142aw Krze\u015bniak kl. 3A<\/li>\n<li>Konkurs Historyczny &#8211; laureaci Maciej Stachowicz kl. 3A, Julia Pyzik kl. 3B, Konrad \u0141y\u015b kl. 3B<\/li>\n<li>Konkurs J\u0119zyka Francuskiego &#8211; laureat Krzysztof W\u00f3jcik kl. 2C<\/li>\n<li>Konkurs J\u0119zyka Angielskiego -\u0080\u0093 finali\u015bci Krzysztof W\u00f3jcik kl. 2C, Maya Kumar kl. 3A<\/li>\n<li>Konkurs Biologiczny -\u0080\u0093 finalistka Ina Biery\u0142o kl. 3A<\/li>\n<li>Konkurs Mitologiczny \u201eOlimpus\u201d &#8211; laureaci Z.Pokrzywnicka J.Wr\u00f3blewska, J.Szczepanik, J.Konwerska, P.Pszcz\u00f3\u0142kowski, D.Kowalska, M.Majewski, K.Zaremba, J.Jaworski<\/li>\n<li>Literacki Konkurs \u201eGranica\u201d- laureaci Martin Overbeek kl. 2C, Andrzej Brzozowski-Oleksiak kl. 3C, Julia Wr\u00f3blewska kl. 3C<\/li>\n<li>Mi\u0119dzynarodowy Konkurs Matematyczny \u201eKangur\u201d &#8211; wynik \u201ebardzo dobry\u201d Wojciech Fabisiak kl. 2B<\/li>\n<li>Dzielnicowy Konkurs Matematyczny \u201eTropami Pitagorasa\u201d &#8211; I miejsce w klasie I -\u0080\u0093 Ola Str\u0105k kl. 1D;<\/li>\n<li>I miejsce w klasie II \u00e2\u0080\u0093 Maciej Niedziela kl. 2C, II miejsce &#8211; Wojtek Fabisiak kl. 2B, III miejsce &#8211; Martin Overbeek kl. 2C.<\/li>\n<\/ul>\n<h4>2011\/2012<\/h4>\n<ul>\n<li>Dzielnicowy Konkurs matematycznym dla gimnazjum \u201eTropami Pitagorasa\u201d &#8211; I miejsce w kategorii klas 3 Kasia Kujawa<\/li>\n<li>Konkurs filozoficznym dla gimnazjalist\u00f3w \u201eW drodze ku m\u0105dro\u015bci\u201d- finalista Martin Overbeek kl. 1C<\/li>\n<li>Konkurs \u201eZ poezj\u0105 na ty\u201d -\u0080\u0093 4.miejsce Julia Szymczak<\/li>\n<li>\u201eWarszawska Syrenka\u201d konkurs recytatorski &#8211; zwyci\u0119zc\u0105 na Ursynowie zosta\u0142 Piotr Szczepa\u0144ski<\/li>\n<li>Og\u00f3lnopolski Konkurs &#8222;Z poprawn\u0105 polszczyzn\u0105 na co dzie\u0144&#8221; &#8211; finali\u015bci Maciek Niedziela i Micha\u0142 Taracha<\/li>\n<li>Og\u00f3lnopolski Konkurs J\u0119zyka Niemieckiego &#8211; laureatka Kasia Skrenczy\u0144ska<\/li>\n<li>VIII Mi\u0119dzyszkolny Konkurs Literacki Fundacji Primus: Julia Wr\u00f3blewska &#8211; I miejsce w kategorii &#8222;Recytacja&#8221;, Krzysztof Krygier II miejsce w kategorii &#8222;Czytanie ze zrozumieniem&#8221;.<\/li>\n<\/ul>\n<h4>2010\/2011<\/h4>\n<ul>\n<li>Konkurs Polonistyczny &#8211; finalistami zostali: Zuzanna Ajchel (kl.3 c), Anna Hawliczek (kl.3 b) i Joachim Piotrowski (kl.3 c).<\/li>\n<\/ul>\n<h4>2009\/2010<\/h4>\n<ul>\n<li>Konkurs Historyczny &#8211; laureatk\u0105 zosta\u0142a Justyna Bia\u0142obrzeska (kl. 3 a)<\/li>\n<li>Og\u00f3lnopolski Konkurs J\u0119zyka Niemieckiego: laureatk\u0105 zosta\u0142a R\u00f3\u017ca Grzybowska ( kl. 3 a), za\u015b finalistami zostali: Filip G\u0119barowski, Paulina Karniej, Kasia Skrenczy\u0144ska i Kasia Szczygie\u0142.<\/li>\n<\/ul>\n<h4>2008\/2009<\/h4>\n<ul>\n<li>Konkurs Polonistyczny &#8211; finalistk\u0105 zosta\u0142a Ula Latek (kl. 3 c)<\/li>\n<li>Og\u00f3lnopolski Konkurs J\u0119zyka Niemieckiego &#8211; finalistkami zosta\u0142y: Ula Latek (kl. 3 c), Agnieszka Zygmunt (kl. 3 b) i R\u00f3\u017ca Grzybowska (kl. 2 a)<\/li>\n<\/ul>\n<h4>2007\/2008<\/h4>\n<ul>\n<li>Konkurs Polonistyczny &#8211; laureatk\u0105 zosta\u0142a Alicja Brzozowska ( kl. 3 b)<\/li>\n<li>Konkurs Fizyczny -\u0080\u0093 finalist\u0105 zosta\u0142 Jacek Go\u0142\u0119biowski ( kl. 3 d)<\/li>\n<\/ul>\n<h4>2006\/2007<\/h4>\n<ul>\n<li>Konkurs Polonistyczny &#8211; finalistk\u0105 zosta\u0142a Helena Krajewska ( kl. 3 c)<\/li>\n<li>Konkurs Geograficzny &#8211; finalistk\u0105 zosta\u0142a Aleksandra Chojnacka ( kl. 3 a)<\/li>\n<li>Og\u00f3lnopolski Konkurs J\u0119zyka Niemieckiego -\u0080\u0093 laureatem zosta\u0142 Alan Szwajkowski (kl.3 d)<\/li>\n<li>Og\u00f3lnopolski Konkurs Plastyczny -\u0080\u0093 Dominika Kobyli\u0144ska ( kl. 3 d) zaj\u0119\u0142a III miejsce.<\/li>\n<\/ul>\n<h4>2005\/2006<\/h4>\n<p>Konkurs Geograficzny -\u0080\u0093 Wojciech Mamak (kl. 1 c ) zosta\u0142 laureatem konkursu (I miejsce !).<\/p>\n","protected":false},"excerpt":{"rendered":"<p>LAUREACI I FINALI\u015aCI OLIMPIAD I KONKURS\u00d3W PRZEDMIOTOWYCH 2025\/2026 Olimpiada Literatury i J\u0119zyka Polskiego dla SP &#8211; finalistka Dorota Rysz z kl. VIIIa. Konkursy Mazowieckiego Kuratora O\u015bwiaty: konkurs przedmiotowy z j\u0119zyka angielskiego &#8211; laureat Mateusz Godlewski z kl. VIIIa, finalista Micha\u0142 Petrallis z klasy VIIIa. konkurs przedmiotowy z j\u0119zyka polskiego &#8211; <a href=\"https:\/\/www.batalionparasol.pl\/slo4\/osiagniecia\/\" class=\"read-more\">(czytaj wi\u0119cej &#8230;)<\/a><\/p>\n","protected":false},"author":1,"featured_media":7219,"parent":0,"menu_order":0,"comment_status":"closed","ping_status":"closed","template":"","meta":[],"_links":{"self":[{"href":"https:\/\/www.batalionparasol.pl\/slo4\/wp-json\/wp\/v2\/pages\/3655"}],"collection":[{"href":"https:\/\/www.batalionparasol.pl\/slo4\/wp-json\/wp\/v2\/pages"}],"about":[{"href":"https:\/\/www.batalionparasol.pl\/slo4\/wp-json\/wp\/v2\/types\/page"}],"author":[{"embeddable":true,"href":"https:\/\/www.batalionparasol.pl\/slo4\/wp-json\/wp\/v2\/users\/1"}],"replies":[{"embeddable":true,"href":"https:\/\/www.batalionparasol.pl\/slo4\/wp-json\/wp\/v2\/comments?post=3655"}],"version-history":[{"count":35,"href":"https:\/\/www.batalionparasol.pl\/slo4\/wp-json\/wp\/v2\/pages\/3655\/revisions"}],"predecessor-version":[{"id":8397,"href":"https:\/\/www.batalionparasol.pl\/slo4\/wp-json\/wp\/v2\/pages\/3655\/revisions\/8397"}],"wp:featuredmedia":[{"embeddable":true,"href":"https:\/\/www.batalionparasol.pl\/slo4\/wp-json\/wp\/v2\/media\/7219"}],"wp:attachment":[{"href":"https:\/\/www.batalionparasol.pl\/slo4\/wp-json\/wp\/v2\/media?parent=3655"}],"curies":[{"name":"wp","href":"https:\/\/api.w.org\/{rel}","templated":true}]}}