{"id":5131,"date":"2019-11-04T15:02:17","date_gmt":"2019-11-04T14:02:17","guid":{"rendered":"http:\/\/slo4.edu.pl\/?page_id=5131"},"modified":"2026-02-13T11:48:34","modified_gmt":"2026-02-13T10:48:34","slug":"samorzad-uczniowski","status":"publish","type":"page","link":"https:\/\/www.batalionparasol.pl\/slo4\/samorzad-uczniowski\/","title":{"rendered":"Samorz\u0105d uczniowski"},"content":{"rendered":"<p>Samorz\u0105d uczniowski na Hawajskiej tworz\u0105 wszyscy uczniowie liceum i szko\u0142y podstawowej.<\/p>\n<h4>Cele dzia\u0142a\u0144 samorz\u0105du uczniowskiego to:<\/h4>\n<p>a) przekazywanie potrzeb spo\u0142eczno\u015bci uczniowskiej Dyrekcji Szko\u0142y i Radzie Pedagogicznej;<\/p>\n<p>b) obrona praw ucznia i czuwanie nad przestrzeganiem przez uczni\u00f3w obowi\u0105zk\u00f3w szkolnych;<\/p>\n<p>c) pomoc w prowadzeniu dialogu w konfliktach mi\u0119dzy uczniami i\/lub nauczycielami;<\/p>\n<p>d) organizowanie pomocy kole\u017ce\u0144skiej uczniom napotykaj\u0105cym trudno\u015bci w szkole i w \u015brodowisku uczniowskim;<\/p>\n<p>e) organizowanie imprez o charakterze patriotycznym, kulturalnym, rozrywkowym, naukowym, sportowym.<\/p>\n<p>Kadencja w\u0142adz samorz\u0105du trwa 1 rok.<\/p>\n<h4>Zarz\u0105d Samorz\u0105du Uczniowskiego w kadencji 2025\/2026 tworz\u0105:<\/h4>\n<ul>\n<li>Mi\u0142osz D\u0119bowczyk z 3d &#8211; Przewodnicz\u0105cy Samorz\u0105du Uczniowskiego<\/li>\n<li>Iwo Gostik z 4c.<\/li>\n<li>Martyna Konwicka z 8A.<\/li>\n<\/ul>\n<p>Opiekunem samorz\u0105du jest prof. Kamil Mrozek.<\/p>\n<p>=&gt; <a href=\"http:\/\/batalionparasol.pl\/slo4\/wp-content\/uploads\/2020\/09\/Regulamin_samorzadu_SLO4_wrzesien-2020.pdf\"><strong>Zobacz tekst Regulaminu Samorz\u0105du Uczniowskiego<\/strong><\/a><\/p>\n<p>aktualizacja: 10.11.2025 r.<\/p>\n","protected":false},"excerpt":{"rendered":"<p>Samorz\u0105d uczniowski na Hawajskiej tworz\u0105 wszyscy uczniowie liceum i szko\u0142y podstawowej. Cele dzia\u0142a\u0144 samorz\u0105du uczniowskiego to: a) przekazywanie potrzeb spo\u0142eczno\u015bci uczniowskiej Dyrekcji Szko\u0142y i Radzie Pedagogicznej; b) obrona praw ucznia i czuwanie nad przestrzeganiem przez uczni\u00f3w obowi\u0105zk\u00f3w szkolnych; c) pomoc w prowadzeniu dialogu w konfliktach mi\u0119dzy uczniami i\/lub nauczycielami; d) <a href=\"https:\/\/www.batalionparasol.pl\/slo4\/samorzad-uczniowski\/\" class=\"read-more\">(czytaj wi\u0119cej &#8230;)<\/a><\/p>\n","protected":false},"author":1,"featured_media":6745,"parent":0,"menu_order":0,"comment_status":"closed","ping_status":"closed","template":"","meta":[],"_links":{"self":[{"href":"https:\/\/www.batalionparasol.pl\/slo4\/wp-json\/wp\/v2\/pages\/5131"}],"collection":[{"href":"https:\/\/www.batalionparasol.pl\/slo4\/wp-json\/wp\/v2\/pages"}],"about":[{"href":"https:\/\/www.batalionparasol.pl\/slo4\/wp-json\/wp\/v2\/types\/page"}],"author":[{"embeddable":true,"href":"https:\/\/www.batalionparasol.pl\/slo4\/wp-json\/wp\/v2\/users\/1"}],"replies":[{"embeddable":true,"href":"https:\/\/www.batalionparasol.pl\/slo4\/wp-json\/wp\/v2\/comments?post=5131"}],"version-history":[{"count":14,"href":"https:\/\/www.batalionparasol.pl\/slo4\/wp-json\/wp\/v2\/pages\/5131\/revisions"}],"predecessor-version":[{"id":8257,"href":"https:\/\/www.batalionparasol.pl\/slo4\/wp-json\/wp\/v2\/pages\/5131\/revisions\/8257"}],"wp:featuredmedia":[{"embeddable":true,"href":"https:\/\/www.batalionparasol.pl\/slo4\/wp-json\/wp\/v2\/media\/6745"}],"wp:attachment":[{"href":"https:\/\/www.batalionparasol.pl\/slo4\/wp-json\/wp\/v2\/media?parent=5131"}],"curies":[{"name":"wp","href":"https:\/\/api.w.org\/{rel}","templated":true}]}}