{"id":5256,"date":"2021-02-22T16:27:34","date_gmt":"2021-02-22T15:27:34","guid":{"rendered":"http:\/\/slo4.edu.pl\/?page_id=5256"},"modified":"2026-04-08T15:49:16","modified_gmt":"2026-04-08T13:49:16","slug":"kandydaci-do-7-klasy","status":"publish","type":"page","link":"https:\/\/www.batalionparasol.pl\/slo4\/kandydaci-do-7-klasy\/","title":{"rendered":"Kandydaci do 7. klasy"},"content":{"rendered":"<p>Szko\u0142a Podstawowa przy Spo\u0142ecznym LO nr 4 im. Batalionu AK &#8222;Parasol&#8221; powsta\u0142a w wyniku przekszta\u0142cenia dotychczasowego gimnazjum (kt\u00f3re istnia\u0142o od 1999 r.) w szko\u0142\u0119 podstawow\u0105. Pomimo kilku lat od powstania szko\u0142y mamy ju\u017c powody do dumy, o czym \u015bwiadcz\u0105 <a href=\"https:\/\/www.batalionparasol.pl\/slo4\/osiagniecia\/\"><strong>sukcesy naszych uczni\u00f3w<\/strong><\/a>.<\/p>\n<h2>Nasze atuty:<\/h2>\n<ul>\n<li><strong>nauka j\u0119zyk\u00f3w obcych<\/strong> w r\u00f3\u017cnych grupach zaawansowania, ka\u017cdy j\u0119zyk po 4 godziny tygodniowo (obowi\u0105zkowy jest j\u0119zyk angielski; do wyboru s\u0105 j\u0119zyki: niemiecki lub hiszpa\u0144ski albo francuski &#8211; je\u015bli zbierze si\u0119 grupa);<\/li>\n<li>klasy licz\u0105 maksymalnie <strong>16 uczni\u00f3w<\/strong>, a grupy j\u0119zykowe s\u0105 jeszcze mniejsze;<\/li>\n<li>organizujemy ko\u0142a zainteresowa\u0144, dni tematyczne, debaty i\u00a0spotkania z r\u00f3\u017cnych dziedzin nauki;<\/li>\n<li>przygotujemy Ci\u0119 do startu w wybranym <strong>konkursie kuratoryjnym lub olimpiadzie przedmiotowej<\/strong>;<\/li>\n<li>mo\u017cesz rozwija\u0107 pasje i zainteresowania pod opiek\u0105 <strong>tutora-mistrza<\/strong>, kt\u00f3ry jest dla Ciebie przewodnikiem w danej dziedzinie naukowej;<\/li>\n<li>za dobre wyniki w nauce mo\u017cesz w ka\u017cdym semestrze otrzyma\u0107 <strong>stypendium naukowe<\/strong> (od 100 do 180 z\u0142otych co miesi\u0105c).<\/li>\n<\/ul>\n<p>Absolwenci szko\u0142y podstawowej, kt\u00f3rzy w klasie VIII uzyskaj\u0105 \u015bredni\u0105 ocen powy\u017cej 4,0 s\u0105 <strong>zwolnieni z egzamin\u00f3w wst\u0119pnych<\/strong> do Spo\u0142ecznego LO nr 4 im. Batalionu AK &#8222;Parasol&#8221;.<\/p>\n<p>=&gt; zobacz: <a href=\"https:\/\/www.batalionparasol.pl\/slo4\/plan-nauczania-w-klasach-7-i-8\/\"><strong>Plan nauczania w 7. klasie szko\u0142y podstawowej<\/strong><\/a><\/p>\n<p><strong>\u00a0<\/strong><\/p>\n<p><span style=\"color: #ff0000;\"><strong>HARMONOGRAM REKRUTACJI na rok szkolny 2026\/2027:<\/strong><\/span><\/p>\n<h2>1) Spotkanie dla kandydat\u00f3w do klasy 7. szko\u0142y podstawowej.<\/h2>\n<p><strong><span style=\"color: #000000;\">13 kwietnia 2026 r. (poniedzia\u0142ek) godzina 18:00<\/span><br \/>\n<\/strong><\/p>\n<p><strong>Serdecznie zapraszamy na <span style=\"text-decoration: underline;\">dzie\u0144 otwarty<\/span><\/strong><span style=\"text-decoration: underline;\"> <strong>dla kandydat\u00f3w do 7. klasy<\/strong><\/span>, kt\u00f3ry odb\u0119dzie si\u0119 <span style=\"text-decoration: underline;\">w budynku naszej szko\u0142y<\/span>. Podczas spotkania b\u0119dzie mo\u017cliwo\u015b\u0107 porozmawiania z dyrekcj\u0105 szko\u0142y i nauczycielami przedmiot\u00f3w egzaminacyjnych, a tak\u017ce zobaczenia sal lekcyjnych. Szczeg\u00f3\u0142y spotkania podamy w oddzielnym komunikacie na stronie internetowej szko\u0142y.<\/p>\n<p><a href=\"https:\/\/www.batalionparasol.pl\/slo4\/dzien-otwarty-dla-7-klasy\/\"><strong>=&gt; Zapraszamy 13 kwietnia na dzie\u0144 otwarty!<\/strong><\/a><\/p>\n<h2>2) Wymagane dokumenty<\/h2>\n<p><span style=\"color: #ff0000;\"><strong>Do 18 maja 2026 r.<\/strong><\/span> nale\u017cy z\u0142o\u017cy\u0107 w sekretariacie szko\u0142y, wys\u0142a\u0107 tradycyjn\u0105 poczt\u0105 lub zeskanowane pliki jpg lub pdf na adres e-mail: <strong><a href=\"mailto:sekretariat@slo4.edu.pl\">sekretariat@slo4.edu.pl<\/a><\/strong>:<\/p>\n<blockquote><p>&#8211; kopi\u0119 ostatniego \u015bwiadectwa szkolnego (tj. <strong>\u015bwiadectwa uko\u0144czenia klasy 5.<\/strong>),<\/p>\n<p>&#8211; <strong>ankiet\u0119<\/strong> zg\u0142oszeniow\u0105 kandydata (<a href=\"http:\/\/batalionparasol.pl\/slo4\/wp-content\/uploads\/2021\/01\/ankieta-kandydata-do-SP-przy-SLO4.docx\"><strong>pobierz ankiet\u0119 kandydata<\/strong><\/a>),<\/p>\n<p>&#8211; <strong>kopi\u0119 opinii lub orzeczenia<\/strong> z poradni psychologiczno-pedagogicznej, je\u015bli ucze\u0144 tak\u0105 posiada.<\/p><\/blockquote>\n<h2>3) Egzaminy wst\u0119pne z j.polskiego i matematyki<\/h2>\n<p>Procedura egzaminacyjna w rekrutacji zewn\u0119trznej sk\u0142ada si\u0119 z cz\u0119\u015bci pisemnej oraz cz\u0119\u015bci ustnej i obejmuje zagadnienia z j\u0119zyka polskiego i matematyki. <span style=\"text-decoration: underline;\">Obie cz\u0119\u015bci egzaminu<\/span> zostan\u0105 przeprowadzone <span style=\"text-decoration: underline;\">w formie stacjonarnej<\/span>.<\/p>\n<p><strong>Terminy egzaminu pisemnego dla kandydat\u00f3w do klasy 7. szko\u0142y podstawowej:<\/strong><\/p>\n<ul>\n<li><strong>29 maja 2026<\/strong> (pi\u0105tek) godz. 16:00 \u2013 j.polski (45 minut);<\/li>\n<li><strong>30 maja 2026<\/strong> (sobota) godz. 9:00 \u2013 matematyka (45 minut).<\/li>\n<\/ul>\n<p><strong>Egzaminy ustne (w budynku szko\u0142y)<\/strong> z j\u0119zyka polskiego i matematyki odb\u0119d\u0105 si\u0119 <strong>9 i 10 czerwca 2026 r.<\/strong> od godziny 15:30. Dok\u0142adny harmonogram zostanie podany na stronie szkolnej.<\/p>\n<blockquote><p>Zakres programowy egzamin\u00f3w:<\/p>\n<p><a href=\"http:\/\/batalionparasol.pl\/slo4\/wp-content\/uploads\/2021\/01\/Wymagania-jpolski-do-klasy-VII-SP.pdf\"><strong>egzamin z j\u0119zyka polskiego<\/strong><\/a><\/p>\n<p><a href=\"https:\/\/batalionparasol.pl\/slo4\/wp-content\/uploads\/2022\/10\/7SP-polski-przykladowy-arkusz.pdf\"><strong>przyk\u0142adowy arkusz z j\u0119zyka polskiego 1<\/strong><\/a><\/p>\n<p><strong><a href=\"https:\/\/www.batalionparasol.pl\/slo4\/wp-content\/uploads\/2024\/04\/7SP-polski-przykladowy-arkusz-2.pdf\" target=\"_blank\" rel=\"noopener\">przyk\u0142adowy arkusz z j\u0119zyka polskiego 2<\/a><\/strong><\/p>\n<p><strong><a href=\"http:\/\/batalionparasol.pl\/slo4\/wp-content\/uploads\/2021\/01\/Wymagania-matematyka-do-klasy-VII-SP.pdf\">egzamin z matematyki<\/a><\/strong><\/p>\n<p><a href=\"https:\/\/batalionparasol.pl\/slo4\/wp-content\/uploads\/2022\/10\/7SP-matematyka-przykladowy-arkusz.pdf\"><strong>przyk\u0142adowy arkusz z matematyki 1<\/strong><\/a><\/p>\n<p><strong><a href=\"https:\/\/www.batalionparasol.pl\/slo4\/wp-content\/uploads\/2024\/04\/7SP-matematyka-przykladowy-arkusz-2.pdf\" target=\"_blank\" rel=\"noopener\">przyk\u0142adowy arkusz z matematyki 2<\/a><\/strong><\/p><\/blockquote>\n<h2>4) Og\u0142oszenie wynik\u00f3w egzamin\u00f3w wst\u0119pnych<\/h2>\n<ul>\n<li><strong>do 15 czerwca 2026<\/strong> \u2013 og\u0142oszenie na stronie szkolnej list kandydat\u00f3w przyj\u0119tych do klasy 7. szko\u0142y podstawowej.<\/li>\n<li><strong>do 30 czerwca 2026<\/strong> \u2013 podpisywanie um\u00f3w o kszta\u0142cenie.<\/li>\n<\/ul>\n<h2>5) Op\u0142aty<\/h2>\n<p>1) <strong>Op\u0142ata rekrutacyjna 600 z\u0142<\/strong> &#8211; przy sk\u0142adaniu dokument\u00f3w kandydata prosz\u0119 dokona\u0107 wp\u0142aty przelewem na konto bankowe Szko\u0142y Podstawowej:<\/p>\n<h3 style=\"text-align: center;\"><strong>40 1020 1169 0000 8702 0886 5885<\/strong><\/h3>\n<p>W tytule przelewu prosz\u0119 poda\u0107: \u201eop\u0142ata rekrutacyjna, imi\u0119 i nazwisko kandydata\u201d.<\/p>\n<p>2) <strong>Op\u0142ata rezerwacyjna 2900 z\u0142<\/strong> &#8211; wp\u0142acana w ci\u0105gu 3 dni od daty podpisania umowy o kszta\u0142cenie przez rodzic\u00f3w ucznia.<\/p>\n<p>3) Od 1 wrze\u015bnia 2026 r. <strong>czesne za semestr<\/strong> b\u0119dzie wynosi\u0107 12 000 z\u0142. Przy dokonywaniu wp\u0142at czesnego w formie sze\u015bciu rat miesi\u0119cznych wysoko\u015b\u0107 jednej raty wynosi\u0107 b\u0119dzie <strong>2000 z\u0142<\/strong>.<\/p>\n<p>Pytania dotycz\u0105ce rekrutacji prosimy kierowa\u0107 na adres e-mail: <strong>sekretariat@slo4.edu.pl<\/strong> lub telefonicznie do sekretariatu szko\u0142y.<\/p>\n<p style=\"text-align: right;\"><em>(data aktualizacji: 08.12.2025)<\/em><\/p>\n","protected":false},"excerpt":{"rendered":"<p>Szko\u0142a Podstawowa przy Spo\u0142ecznym LO nr 4 im. Batalionu AK &#8222;Parasol&#8221; powsta\u0142a w wyniku przekszta\u0142cenia dotychczasowego gimnazjum (kt\u00f3re istnia\u0142o od 1999 r.) w szko\u0142\u0119 podstawow\u0105. Pomimo kilku lat od powstania szko\u0142y mamy ju\u017c powody do dumy, o czym \u015bwiadcz\u0105 sukcesy naszych uczni\u00f3w. Nasze atuty: nauka j\u0119zyk\u00f3w obcych w r\u00f3\u017cnych grupach <a href=\"https:\/\/www.batalionparasol.pl\/slo4\/kandydaci-do-7-klasy\/\" class=\"read-more\">(czytaj wi\u0119cej &#8230;)<\/a><\/p>\n","protected":false},"author":1,"featured_media":0,"parent":0,"menu_order":0,"comment_status":"closed","ping_status":"closed","template":"","meta":[],"_links":{"self":[{"href":"https:\/\/www.batalionparasol.pl\/slo4\/wp-json\/wp\/v2\/pages\/5256"}],"collection":[{"href":"https:\/\/www.batalionparasol.pl\/slo4\/wp-json\/wp\/v2\/pages"}],"about":[{"href":"https:\/\/www.batalionparasol.pl\/slo4\/wp-json\/wp\/v2\/types\/page"}],"author":[{"embeddable":true,"href":"https:\/\/www.batalionparasol.pl\/slo4\/wp-json\/wp\/v2\/users\/1"}],"replies":[{"embeddable":true,"href":"https:\/\/www.batalionparasol.pl\/slo4\/wp-json\/wp\/v2\/comments?post=5256"}],"version-history":[{"count":46,"href":"https:\/\/www.batalionparasol.pl\/slo4\/wp-json\/wp\/v2\/pages\/5256\/revisions"}],"predecessor-version":[{"id":8365,"href":"https:\/\/www.batalionparasol.pl\/slo4\/wp-json\/wp\/v2\/pages\/5256\/revisions\/8365"}],"wp:attachment":[{"href":"https:\/\/www.batalionparasol.pl\/slo4\/wp-json\/wp\/v2\/media?parent=5256"}],"curies":[{"name":"wp","href":"https:\/\/api.w.org\/{rel}","templated":true}]}}