{"id":7942,"date":"2025-09-11T15:39:14","date_gmt":"2025-09-11T13:39:14","guid":{"rendered":"https:\/\/www.batalionparasol.pl\/slo4\/?page_id=7942"},"modified":"2025-09-16T12:26:53","modified_gmt":"2025-09-16T10:26:53","slug":"wymagania-edukacyjne-klasy-7-8","status":"publish","type":"page","link":"https:\/\/www.batalionparasol.pl\/slo4\/wymagania-edukacyjne-klasy-7-8\/","title":{"rendered":"Wymagania edukacyjne klasy 7-8"},"content":{"rendered":"\n\n<p><a href=\"https:\/\/www.batalionparasol.pl\/slo4\/wp-content\/uploads\/2025\/09\/wymagania_BIOLOGIA-2025_SLO4.pdf\"><strong>Biologia klasy 7-8<\/strong><\/a><\/p>\n<p><strong><a href=\"https:\/\/www.batalionparasol.pl\/slo4\/wp-content\/uploads\/2025\/09\/Wymagania-edukacyjne-chemia-klasa-7.pdf\">Chemia klasa 7<\/a><\/strong><\/p>\n<p><strong><a href=\"https:\/\/www.batalionparasol.pl\/slo4\/wp-content\/uploads\/2025\/09\/Wymagania-edukacyjne-chemia-klasa-8.pdf\">Chemia klasa 8<\/a><\/strong><\/p>\n<p><a href=\"https:\/\/www.batalionparasol.pl\/slo4\/wp-content\/uploads\/2025\/09\/EDB_wymagania_klasa_8.pdf\"><strong>Edukacja dla bezpiecze\u0144stwa klasa 8<\/strong><\/a><\/p>\n<p><a href=\"https:\/\/www.batalionparasol.pl\/slo4\/wp-content\/uploads\/2025\/09\/Fizyka_wymagania-edukacyjne_klasa-7.pdf\"><strong>Fizyka klasa 7<\/strong><\/a><\/p>\n<p><a href=\"https:\/\/www.batalionparasol.pl\/slo4\/wp-content\/uploads\/2025\/09\/Fizyka_wymagania-edukacyjne_klasa-8.pdf\"><strong>Fizyka klasa 8<\/strong><\/a><\/p>\n<p><strong><a href=\"https:\/\/www.batalionparasol.pl\/slo4\/wp-content\/uploads\/2025\/09\/Geografia-klasa-7-wymagania-edukacyjne.pdf\">Geografia klasa 7<\/a><\/strong><\/p>\n<p><strong><a href=\"https:\/\/www.batalionparasol.pl\/slo4\/wp-content\/uploads\/2025\/09\/Geografia-klasa-8-wymagania-edukacyjne.pdf\">Geografia klasa 8<\/a><\/strong><\/p>\n<p><strong><a href=\"https:\/\/www.batalionparasol.pl\/slo4\/wp-content\/uploads\/2025\/09\/Historia-klasa-7-wymagania-edukacyjne-Kr.pdf\">Historia klasa 7<\/a><\/strong><\/p>\n<p><strong><a href=\"https:\/\/www.batalionparasol.pl\/slo4\/wp-content\/uploads\/2025\/09\/Historia-klasa-8-wymagania-edukacyjne-Kr.pdf\">Historia klasa 8<\/a><\/strong><\/p>\n<p><strong><a href=\"https:\/\/www.batalionparasol.pl\/slo4\/wp-content\/uploads\/2025\/09\/Wymagania_Informatyka_7_8.pdf\">Informatyka klasy 7-8<\/a><\/strong><\/p>\n<p><strong><a href=\"https:\/\/www.batalionparasol.pl\/slo4\/wp-content\/uploads\/2025\/09\/Wymagania-edukacyjne-z-jezyka-polskiego-klasa-7-SP.pdf\">J\u0119zyk polski klasa 7<\/a><\/strong><\/p>\n<p><strong><a href=\"https:\/\/www.batalionparasol.pl\/slo4\/wp-content\/uploads\/2025\/09\/Wymagania-edukacyjne-z-jezyka-polskiego-klasa-8-SP.pdf\">J\u0119zyk polski klasa 8<\/a><\/strong><\/p>\n<p><strong><a href=\"https:\/\/www.batalionparasol.pl\/slo4\/wp-content\/uploads\/2025\/09\/Wymagania-edukacyjne-jezyki-obce-SP-i-LO.pdf\">J\u0119zyki obce klasy 7-8<\/a><\/strong><\/p>\n<p><strong><a href=\"https:\/\/www.batalionparasol.pl\/slo4\/wp-content\/uploads\/2025\/09\/Matematyka_wokol_nas_Wymagania_edukacyjne_kl_7.pdf\">Matematyka klasa 7<\/a><\/strong><\/p>\n<p><strong><a href=\"https:\/\/www.batalionparasol.pl\/slo4\/wp-content\/uploads\/2025\/09\/Matematyka_wokol_nas_Wymagania_edukacyjne_kl_8.pdf\">Matematyka klasa 8<\/a><\/strong><\/p>\n<p><a href=\"https:\/\/www.batalionparasol.pl\/slo4\/wp-content\/uploads\/2025\/09\/muzyka-wymagania-edukacyjne-klasa7.pdf\"><strong>Muzyka klasa 7<\/strong><\/a><\/p>\n<p><strong><a href=\"https:\/\/www.batalionparasol.pl\/slo4\/wp-content\/uploads\/2025\/09\/Wymagania-z-plastyki-dla-klasy-7.pdf\">Plastyka klasa 7<\/a><\/strong><\/p>\n<p><strong><a href=\"https:\/\/www.batalionparasol.pl\/slo4\/wp-content\/uploads\/2025\/09\/wos-wymagania-edukacyjne-klasa-8.pdf\">Wiedza o spo\u0142ecze\u0144stwie klasa 8<\/a><\/strong><\/p>\n<p><a href=\"https:\/\/www.batalionparasol.pl\/slo4\/wp-content\/uploads\/2025\/09\/WF-wymagania-edukacyjne-klasa-7-8-SP.pdf\"><strong>Wychowanie fizyczne klasy 7-8<\/strong><\/a><\/p>\n<p style=\"text-align: right;\">aktualizacja: 16.09 2025<\/p>\n<p>\u00a0<\/p>","protected":false},"excerpt":{"rendered":"<p>Biologia klasy 7-8 Chemia klasa 7 Chemia klasa 8 Edukacja dla bezpiecze\u0144stwa klasa 8 Fizyka klasa 7 Fizyka klasa 8 Geografia klasa 7 Geografia klasa 8 Historia klasa 7 Historia klasa 8 Informatyka klasy 7-8 J\u0119zyk polski klasa 7 J\u0119zyk polski klasa 8 J\u0119zyki obce klasy 7-8 Matematyka klasa 7 <a href=\"https:\/\/www.batalionparasol.pl\/slo4\/wymagania-edukacyjne-klasy-7-8\/\" class=\"read-more\">(czytaj wi\u0119cej &#8230;)<\/a><\/p>\n","protected":false},"author":1,"featured_media":4195,"parent":0,"menu_order":0,"comment_status":"closed","ping_status":"closed","template":"","meta":[],"_links":{"self":[{"href":"https:\/\/www.batalionparasol.pl\/slo4\/wp-json\/wp\/v2\/pages\/7942"}],"collection":[{"href":"https:\/\/www.batalionparasol.pl\/slo4\/wp-json\/wp\/v2\/pages"}],"about":[{"href":"https:\/\/www.batalionparasol.pl\/slo4\/wp-json\/wp\/v2\/types\/page"}],"author":[{"embeddable":true,"href":"https:\/\/www.batalionparasol.pl\/slo4\/wp-json\/wp\/v2\/users\/1"}],"replies":[{"embeddable":true,"href":"https:\/\/www.batalionparasol.pl\/slo4\/wp-json\/wp\/v2\/comments?post=7942"}],"version-history":[{"count":12,"href":"https:\/\/www.batalionparasol.pl\/slo4\/wp-json\/wp\/v2\/pages\/7942\/revisions"}],"predecessor-version":[{"id":8092,"href":"https:\/\/www.batalionparasol.pl\/slo4\/wp-json\/wp\/v2\/pages\/7942\/revisions\/8092"}],"wp:featuredmedia":[{"embeddable":true,"href":"https:\/\/www.batalionparasol.pl\/slo4\/wp-json\/wp\/v2\/media\/4195"}],"wp:attachment":[{"href":"https:\/\/www.batalionparasol.pl\/slo4\/wp-json\/wp\/v2\/media?parent=7942"}],"curies":[{"name":"wp","href":"https:\/\/api.w.org\/{rel}","templated":true}]}}